{"id":9,"date":"2023-09-12T11:09:16","date_gmt":"2023-09-12T11:09:16","guid":{"rendered":"https:\/\/www.alkuvesi.fi\/?page_id=9"},"modified":"2025-10-03T08:16:57","modified_gmt":"2025-10-03T08:16:57","slug":"jalleenmyyjaksi","status":"publish","type":"page","link":"https:\/\/www.alkuvesi.fi\/index.php\/jalleenmyyjaksi\/","title":{"rendered":"J\u00e4lleenmyyj\u00e4ksi"},"content":{"rendered":"\t\t<div data-elementor-type=\"wp-page\" data-elementor-id=\"9\" class=\"elementor elementor-9\" data-elementor-post-type=\"page\">\n\t\t\t\t\t\t<section data-particle_enable=\"false\" data-particle-mobile-disabled=\"false\" class=\"elementor-section elementor-top-section elementor-element elementor-element-f2180bd elementor-section-full_width elementor-section-height-min-height elementor-section-height-default elementor-section-items-middle\" data-id=\"f2180bd\" data-element_type=\"section\" data-e-type=\"section\" data-settings=\"{&quot;background_background&quot;:&quot;classic&quot;}\">\n\t\t\t\t\t\t<div class=\"elementor-container elementor-column-gap-default\">\n\t\t\t\t\t<div class=\"elementor-column elementor-col-100 elementor-top-column elementor-element elementor-element-cd06411\" data-id=\"cd06411\" data-element_type=\"column\" data-e-type=\"column\">\n\t\t\t<div class=\"elementor-widget-wrap elementor-element-populated\">\n\t\t\t\t\t\t<div class=\"elementor-element elementor-element-6a1e6ea elementor-widget elementor-widget-image\" data-id=\"6a1e6ea\" data-element_type=\"widget\" data-e-type=\"widget\" data-widget_type=\"image.default\">\n\t\t\t\t<div class=\"elementor-widget-container\">\n\t\t\t\t\t\t\t\t\t\t\t\t\t\t\t<img decoding=\"async\" src=\"https:\/\/www.alkuvesi.fi\/wp-content\/uploads\/elementor\/thumbs\/alkulogo4-qeq49csf8alu5wa2whhs317pibm6g2xvefdidolcsg.png\" title=\"alkulogo4\" alt=\"alkulogo4\" loading=\"lazy\" \/>\t\t\t\t\t\t\t\t\t\t\t\t\t\t\t<\/div>\n\t\t\t\t<\/div>\n\t\t\t\t\t<\/div>\n\t\t<\/div>\n\t\t\t\t\t<\/div>\n\t\t<\/section>\n\t\t\t\t<section data-particle_enable=\"false\" data-particle-mobile-disabled=\"false\" class=\"elementor-section elementor-top-section elementor-element elementor-element-43d0794 elementor-section-boxed elementor-section-height-default elementor-section-height-default\" data-id=\"43d0794\" data-element_type=\"section\" data-e-type=\"section\">\n\t\t\t\t\t\t<div class=\"elementor-container elementor-column-gap-default\">\n\t\t\t\t\t<div class=\"elementor-column elementor-col-50 elementor-top-column elementor-element elementor-element-0c046d7\" data-id=\"0c046d7\" data-element_type=\"column\" data-e-type=\"column\">\n\t\t\t<div class=\"elementor-widget-wrap elementor-element-populated\">\n\t\t\t\t\t\t<div class=\"elementor-element elementor-element-758c6cf elementor-widget elementor-widget-heading\" data-id=\"758c6cf\" data-element_type=\"widget\" data-e-type=\"widget\" data-widget_type=\"heading.default\">\n\t\t\t\t<div class=\"elementor-widget-container\">\n\t\t\t\t\t<h2 class=\"elementor-heading-title elementor-size-default\">Haluatteko j\u00e4lleenmyyj\u00e4ksi?<\/h2>\t\t\t\t<\/div>\n\t\t\t\t<\/div>\n\t\t\t\t<div class=\"elementor-element elementor-element-825a2f3 elementor-widget elementor-widget-text-editor\" data-id=\"825a2f3\" data-element_type=\"widget\" data-e-type=\"widget\" data-widget_type=\"text-editor.default\">\n\t\t\t\t<div class=\"elementor-widget-container\">\n\t\t\t\t\t\t\t\t\t<p>Haluatteko olla ensimm\u00e4isten joukossa parantamassa mineraalien avulla ihmisten ja ymp\u00e4r\u00f6iv\u00e4n luomakuntamme el\u00e4m\u00e4nlaatua?\u00a0Muutetaan maailmaa paremmaksi yhdess\u00e4 \u2013 yksi puuttuva palanen kerrallaan.<\/p><p>Jos kiinnostuit tuotteestamme, l\u00e4het\u00e4 tiedustelu alla olevalla <strong>lomakkeella<\/strong> ja otamme sinuun yhteytt\u00e4 mahdollisimman pian.<\/p><p><strong>Vastaamme mielell\u00e4mme kaikkiin kysymyksiinne!<\/strong> <br \/>Soita: Peter Lundstr\u00f6m puh. 0400 660 670<br \/>S\u00e4hk\u00f6posti: info(a)alkuvesi.fi<\/p>\t\t\t\t\t\t\t\t<\/div>\n\t\t\t\t<\/div>\n\t\t\t\t\t<\/div>\n\t\t<\/div>\n\t\t\t\t<div class=\"elementor-column elementor-col-50 elementor-top-column elementor-element elementor-element-4aae692\" data-id=\"4aae692\" data-element_type=\"column\" data-e-type=\"column\">\n\t\t\t<div class=\"elementor-widget-wrap elementor-element-populated\">\n\t\t\t\t\t\t<div class=\"elementor-element elementor-element-628cb1e elementor-widget elementor-widget-image\" data-id=\"628cb1e\" data-element_type=\"widget\" data-e-type=\"widget\" data-widget_type=\"image.default\">\n\t\t\t\t<div class=\"elementor-widget-container\">\n\t\t\t\t\t\t\t\t\t\t\t\t\t\t\t<img fetchpriority=\"high\" decoding=\"async\" width=\"800\" height=\"497\" src=\"https:\/\/www.alkuvesi.fi\/wp-content\/uploads\/2023\/11\/mpl_alkuvesiltk.jpg\" class=\"attachment-large size-large wp-image-494\" alt=\"\" srcset=\"https:\/\/www.alkuvesi.fi\/wp-content\/uploads\/2023\/11\/mpl_alkuvesiltk.jpg 800w, https:\/\/www.alkuvesi.fi\/wp-content\/uploads\/2023\/11\/mpl_alkuvesiltk-300x186.jpg 300w, https:\/\/www.alkuvesi.fi\/wp-content\/uploads\/2023\/11\/mpl_alkuvesiltk-768x477.jpg 768w\" sizes=\"(max-width: 800px) 100vw, 800px\" \/>\t\t\t\t\t\t\t\t\t\t\t\t\t\t\t<\/div>\n\t\t\t\t<\/div>\n\t\t\t\t\t<\/div>\n\t\t<\/div>\n\t\t\t\t\t<\/div>\n\t\t<\/section>\n\t\t\t\t<section data-particle_enable=\"false\" data-particle-mobile-disabled=\"false\" class=\"elementor-section elementor-top-section elementor-element elementor-element-595c955 elementor-section-boxed elementor-section-height-default elementor-section-height-default\" data-id=\"595c955\" data-element_type=\"section\" data-e-type=\"section\">\n\t\t\t\t\t\t<div class=\"elementor-container elementor-column-gap-default\">\n\t\t\t\t\t<div class=\"elementor-column elementor-col-100 elementor-top-column elementor-element elementor-element-aab2874\" data-id=\"aab2874\" data-element_type=\"column\" data-e-type=\"column\">\n\t\t\t<div class=\"elementor-widget-wrap elementor-element-populated\">\n\t\t\t\t\t\t<div class=\"elementor-element elementor-element-1086133 elementor-widget elementor-widget-wpforms\" data-id=\"1086133\" data-element_type=\"widget\" data-e-type=\"widget\" data-widget_type=\"wpforms.default\">\n\t\t\t\t<div class=\"elementor-widget-container\">\n\t\t\t\t\t<style id=\"wpforms-css-vars-elementor-widget-1086133\">\n\t\t\t\t.elementor-widget-wpforms.elementor-element-1086133 {\n\t\t\t\t--wpforms-button-background-color: #35A3DB;\n\t\t\t}\n\t\t\t<\/style><div class=\"wpforms-container wpforms-container-full wpforms-render-modern\" id=\"wpforms-526\"><form id=\"wpforms-form-526\" class=\"wpforms-validate wpforms-form wpforms-ajax-form\" data-formid=\"526\" method=\"post\" enctype=\"multipart\/form-data\" action=\"\/index.php\/wp-json\/wp\/v2\/pages\/9\" data-token=\"7b7e32ab44dd709f7937317f26ef0d1e\" data-token-time=\"1775429564\"><noscript class=\"wpforms-error-noscript\">Please enable JavaScript in your browser to complete this form.<\/noscript><div id=\"wpforms-error-noscript\" style=\"display: none;\">Please enable JavaScript in your browser to complete this form.<\/div><div class=\"wpforms-field-container\"><div id=\"wpforms-526-field_1-container\" class=\"wpforms-field wpforms-field-name\" data-field-id=\"1\"><label class=\"wpforms-field-label\" for=\"wpforms-526-field_1\">Nimi <span class=\"wpforms-required-label\" aria-hidden=\"true\">*<\/span><\/label><input type=\"text\" id=\"wpforms-526-field_1\" class=\"wpforms-field-medium wpforms-field-required\" name=\"wpforms[fields][1]\" aria-errormessage=\"wpforms-526-field_1-error\" required><\/div><div id=\"wpforms-526-field_2-container\" class=\"wpforms-field wpforms-field-text\" data-field-id=\"2\"><label class=\"wpforms-field-label\" for=\"wpforms-526-field_2\">Osoite<\/label><input type=\"text\" id=\"wpforms-526-field_2\" class=\"wpforms-field-medium\" name=\"wpforms[fields][2]\" aria-errormessage=\"wpforms-526-field_2-error\" ><\/div><div id=\"wpforms-526-field_3-container\" class=\"wpforms-field wpforms-field-number\" data-field-id=\"3\"><label class=\"wpforms-field-label\" for=\"wpforms-526-field_3\">Puhelin <span class=\"wpforms-required-label\" aria-hidden=\"true\">*<\/span><\/label><input type=\"number\" id=\"wpforms-526-field_3\" class=\"wpforms-field-medium wpforms-field-required\" name=\"wpforms[fields][3]\" step=\"any\" aria-errormessage=\"wpforms-526-field_3-error\" required><\/div><div id=\"wpforms-526-field_4-container\" class=\"wpforms-field wpforms-field-email\" data-field-id=\"4\"><label class=\"wpforms-field-label\" for=\"wpforms-526-field_4\">Email <span class=\"wpforms-required-label\" aria-hidden=\"true\">*<\/span><\/label><input type=\"email\" id=\"wpforms-526-field_4\" class=\"wpforms-field-medium wpforms-field-required\" name=\"wpforms[fields][4]\" spellcheck=\"false\" aria-errormessage=\"wpforms-526-field_4-error\" required><\/div><div id=\"wpforms-526-field_5-container\" class=\"wpforms-field wpforms-field-checkbox\" data-field-id=\"5\"><fieldset><legend class=\"wpforms-field-label\">Valitse<\/legend><ul id=\"wpforms-526-field_5\"><li class=\"choice-1 depth-1\"><input type=\"checkbox\" id=\"wpforms-526-field_5_1\" name=\"wpforms[fields][5][]\" value=\"Ottakaa minuun yhteytt\u00e4 lis\u00e4tietoja varten\" aria-errormessage=\"wpforms-526-field_5_1-error\"  ><label class=\"wpforms-field-label-inline\" for=\"wpforms-526-field_5_1\">Ottakaa minuun yhteytt\u00e4 lis\u00e4tietoja varten<\/label><\/li><li class=\"choice-2 depth-1\"><input type=\"checkbox\" id=\"wpforms-526-field_5_2\" name=\"wpforms[fields][5][]\" value=\"Haluan j\u00e4lleenmyyj\u00e4ksi\" aria-errormessage=\"wpforms-526-field_5_2-error\"  ><label class=\"wpforms-field-label-inline\" for=\"wpforms-526-field_5_2\">Haluan j\u00e4lleenmyyj\u00e4ksi<\/label><\/li><\/ul><\/fieldset><\/div><div id=\"wpforms-526-field_6-container\" class=\"wpforms-field wpforms-field-textarea\" data-field-id=\"6\"><label class=\"wpforms-field-label\" for=\"wpforms-526-field_6\">Viesti <\/label><textarea id=\"wpforms-526-field_6\" class=\"wpforms-field-medium\" name=\"wpforms[fields][6]\" aria-errormessage=\"wpforms-526-field_6-error\" ><\/textarea><\/div><\/div><!-- .wpforms-field-container --><div class=\"wpforms-submit-container\" ><input type=\"hidden\" name=\"wpforms[id]\" value=\"526\"><input type=\"hidden\" name=\"page_title\" value=\"\"><input type=\"hidden\" name=\"page_url\" value=\"https:\/\/www.alkuvesi.fi\/index.php\/wp-json\/wp\/v2\/pages\/9\"><input type=\"hidden\" name=\"url_referer\" value=\"\"><button type=\"submit\" name=\"wpforms[submit]\" id=\"wpforms-submit-526\" class=\"wpforms-submit\" data-alt-text=\"L\u00e4hett\u00e4\u00e4...\" data-submit-text=\"L\u00c4HET\u00c4\" aria-live=\"assertive\" value=\"wpforms-submit\">L\u00c4HET\u00c4<\/button><img decoding=\"async\" src=\"https:\/\/www.alkuvesi.fi\/wp-content\/plugins\/wpforms-lite\/assets\/images\/submit-spin.svg\" class=\"wpforms-submit-spinner\" style=\"display: none;\" width=\"26\" height=\"26\" alt=\"Loading\"><\/div><\/form><\/div>  <!-- .wpforms-container -->\t\t\t\t<\/div>\n\t\t\t\t<\/div>\n\t\t\t\t\t<\/div>\n\t\t<\/div>\n\t\t\t\t\t<\/div>\n\t\t<\/section>\n\t\t\t\t<\/div>\n\t\t","protected":false},"excerpt":{"rendered":"<p>Haluatteko j\u00e4lleenmyyj\u00e4ksi? Haluatteko olla ensimm\u00e4isten joukossa parantamassa mineraalien avulla ihmisten ja ymp\u00e4r\u00f6iv\u00e4n luomakuntamme el\u00e4m\u00e4nlaatua?\u00a0Muutetaan maailmaa paremmaksi yhdess\u00e4 \u2013 yksi puuttuva palanen kerrallaan. Jos kiinnostuit tuotteestamme, l\u00e4het\u00e4 tiedustelu alla olevalla lomakkeella ja otamme sinuun yhteytt\u00e4 mahdollisimman pian. Vastaamme mielell\u00e4mme kaikkiin kysymyksiinne! Soita: Peter Lundstr\u00f6m puh. 0400 660 670S\u00e4hk\u00f6posti: info(a)alkuvesi.fi Please enable JavaScript in your browser to [&hellip;]<\/p>\n","protected":false},"author":1,"featured_media":0,"parent":0,"menu_order":0,"comment_status":"closed","ping_status":"closed","template":"elementor_header_footer","meta":{"footnotes":""},"class_list":["post-9","page","type-page","status-publish","hentry"],"_links":{"self":[{"href":"https:\/\/www.alkuvesi.fi\/index.php\/wp-json\/wp\/v2\/pages\/9","targetHints":{"allow":["GET"]}}],"collection":[{"href":"https:\/\/www.alkuvesi.fi\/index.php\/wp-json\/wp\/v2\/pages"}],"about":[{"href":"https:\/\/www.alkuvesi.fi\/index.php\/wp-json\/wp\/v2\/types\/page"}],"author":[{"embeddable":true,"href":"https:\/\/www.alkuvesi.fi\/index.php\/wp-json\/wp\/v2\/users\/1"}],"replies":[{"embeddable":true,"href":"https:\/\/www.alkuvesi.fi\/index.php\/wp-json\/wp\/v2\/comments?post=9"}],"version-history":[{"count":25,"href":"https:\/\/www.alkuvesi.fi\/index.php\/wp-json\/wp\/v2\/pages\/9\/revisions"}],"predecessor-version":[{"id":818,"href":"https:\/\/www.alkuvesi.fi\/index.php\/wp-json\/wp\/v2\/pages\/9\/revisions\/818"}],"wp:attachment":[{"href":"https:\/\/www.alkuvesi.fi\/index.php\/wp-json\/wp\/v2\/media?parent=9"}],"curies":[{"name":"wp","href":"https:\/\/api.w.org\/{rel}","templated":true}]}}