{"id":723,"date":"2024-03-27T13:14:36","date_gmt":"2024-03-27T13:14:36","guid":{"rendered":"https:\/\/www.alkuvesi.fi\/?page_id=723"},"modified":"2025-10-03T08:15:07","modified_gmt":"2025-10-03T08:15:07","slug":"reseller","status":"publish","type":"page","link":"https:\/\/www.alkuvesi.fi\/index.php\/en\/reseller\/","title":{"rendered":"RESELLERS"},"content":{"rendered":"\t\t<div data-elementor-type=\"wp-page\" data-elementor-id=\"723\" class=\"elementor elementor-723\" data-elementor-post-type=\"page\">\n\t\t\t\t\t\t<section data-particle_enable=\"false\" data-particle-mobile-disabled=\"false\" class=\"elementor-section elementor-top-section elementor-element elementor-element-aeee98d elementor-section-boxed elementor-section-height-default elementor-section-height-default\" data-id=\"aeee98d\" data-element_type=\"section\" data-e-type=\"section\">\n\t\t\t\t\t\t<div class=\"elementor-container elementor-column-gap-default\">\n\t\t\t\t\t<div class=\"elementor-column elementor-col-100 elementor-top-column elementor-element elementor-element-29af237\" data-id=\"29af237\" data-element_type=\"column\" data-e-type=\"column\">\n\t\t\t<div class=\"elementor-widget-wrap elementor-element-populated\">\n\t\t\t\t\t\t<div class=\"elementor-element elementor-element-4889959 elementor-widget elementor-widget-heading\" data-id=\"4889959\" data-element_type=\"widget\" data-e-type=\"widget\" data-widget_type=\"heading.default\">\n\t\t\t\t<div class=\"elementor-widget-container\">\n\t\t\t\t\t<h2 class=\"elementor-heading-title elementor-size-default\">RESELLERS<\/h2>\t\t\t\t<\/div>\n\t\t\t\t<\/div>\n\t\t\t\t<div class=\"elementor-element elementor-element-89c717d elementor-widget elementor-widget-image\" data-id=\"89c717d\" data-element_type=\"widget\" data-e-type=\"widget\" data-widget_type=\"image.default\">\n\t\t\t\t<div class=\"elementor-widget-container\">\n\t\t\t\t\t\t\t\t\t\t\t\t\t\t\t\t<a href=\"https:\/\/www.biopro.fi\/\">\n\t\t\t\t\t\t\t<img fetchpriority=\"high\" decoding=\"async\" width=\"768\" height=\"196\" src=\"https:\/\/www.alkuvesi.fi\/wp-content\/uploads\/2024\/03\/biopro-768x196.png\" class=\"attachment-medium_large size-medium_large wp-image-703\" alt=\"\" srcset=\"https:\/\/www.alkuvesi.fi\/wp-content\/uploads\/2024\/03\/biopro-768x196.png 768w, https:\/\/www.alkuvesi.fi\/wp-content\/uploads\/2024\/03\/biopro-300x77.png 300w, https:\/\/www.alkuvesi.fi\/wp-content\/uploads\/2024\/03\/biopro-1024x262.png 1024w, https:\/\/www.alkuvesi.fi\/wp-content\/uploads\/2024\/03\/biopro-1536x393.png 1536w, https:\/\/www.alkuvesi.fi\/wp-content\/uploads\/2024\/03\/biopro.png 1564w\" sizes=\"(max-width: 768px) 100vw, 768px\" \/>\t\t\t\t\t\t\t\t<\/a>\n\t\t\t\t\t\t\t\t\t\t\t\t\t\t\t<\/div>\n\t\t\t\t<\/div>\n\t\t\t\t<div class=\"elementor-element elementor-element-a0f24ec elementor-widget elementor-widget-text-editor\" data-id=\"a0f24ec\" data-element_type=\"widget\" data-e-type=\"widget\" data-widget_type=\"text-editor.default\">\n\t\t\t\t<div class=\"elementor-widget-container\">\n\t\t\t\t\t\t\t\t\t<div class=\"\"><div class=\"\">BioPro Valkeakoski,<\/div><div class=\"\">BioPro Ideapark Lemp\u00e4\u00e4l\u00e4<\/div><div class=\"\">BioPro Koivistonkyl\u00e4 Tampere<\/div><div class=\"\">BioPro Koskikeskus Tampere<\/div><div class=\"\">BioPro Lielahti<\/div><div class=\"\">BioPro Kaleva Tampere,<\/div><div class=\"\">BioPro Kangasala<br \/>BioPro Hyvink\u00e4\u00e4 Willa<br \/>BioPro Espoo Lippulaiva<br \/>BioPro Rauma<\/div><div>\u00a0<\/div><div><a href=\"https:\/\/www.biopro.fi\/#myymalat\">www.biopro.fi<\/a><\/div><\/div>\t\t\t\t\t\t\t\t<\/div>\n\t\t\t\t<\/div>\n\t\t\t\t<div class=\"elementor-element elementor-element-ca4e11c elementor-widget-divider--view-line elementor-widget elementor-widget-divider\" data-id=\"ca4e11c\" data-element_type=\"widget\" data-e-type=\"widget\" data-widget_type=\"divider.default\">\n\t\t\t\t<div class=\"elementor-widget-container\">\n\t\t\t\t\t\t\t<div class=\"elementor-divider\">\n\t\t\t<span class=\"elementor-divider-separator\">\n\t\t\t\t\t\t<\/span>\n\t\t<\/div>\n\t\t\t\t\t\t<\/div>\n\t\t\t\t<\/div>\n\t\t\t\t<div class=\"elementor-element elementor-element-5013c27 elementor-widget elementor-widget-image\" data-id=\"5013c27\" data-element_type=\"widget\" data-e-type=\"widget\" data-widget_type=\"image.default\">\n\t\t\t\t<div class=\"elementor-widget-container\">\n\t\t\t\t\t\t\t\t\t\t\t\t\t\t\t\t<a href=\"https:\/\/www.ekosoppi.fi\/\">\n\t\t\t\t\t\t\t<img decoding=\"async\" width=\"570\" height=\"100\" src=\"https:\/\/www.alkuvesi.fi\/wp-content\/uploads\/2024\/03\/ekosppi.png\" class=\"attachment-medium_large size-medium_large wp-image-704\" alt=\"\" srcset=\"https:\/\/www.alkuvesi.fi\/wp-content\/uploads\/2024\/03\/ekosppi.png 570w, https:\/\/www.alkuvesi.fi\/wp-content\/uploads\/2024\/03\/ekosppi-300x53.png 300w\" sizes=\"(max-width: 570px) 100vw, 570px\" \/>\t\t\t\t\t\t\t\t<\/a>\n\t\t\t\t\t\t\t\t\t\t\t\t\t\t\t<\/div>\n\t\t\t\t<\/div>\n\t\t\t\t<div class=\"elementor-element elementor-element-e8a2b0e elementor-widget elementor-widget-text-editor\" data-id=\"e8a2b0e\" data-element_type=\"widget\" data-e-type=\"widget\" data-widget_type=\"text-editor.default\">\n\t\t\t\t<div class=\"elementor-widget-container\">\n\t\t\t\t\t\t\t\t\t<div class=\"\"><div class=\"\"><div class=\"\">Ekosoppi Vaasa<\/div><\/div><div class=\"\"><a class=\"\" href=\"http:\/\/www.ekosoppi.fi\/\">www.ekosoppi.fi<\/a><\/div><\/div>\t\t\t\t\t\t\t\t<\/div>\n\t\t\t\t<\/div>\n\t\t\t\t<div class=\"elementor-element elementor-element-b44f821 elementor-widget-divider--view-line elementor-widget elementor-widget-divider\" data-id=\"b44f821\" data-element_type=\"widget\" data-e-type=\"widget\" data-widget_type=\"divider.default\">\n\t\t\t\t<div class=\"elementor-widget-container\">\n\t\t\t\t\t\t\t<div class=\"elementor-divider\">\n\t\t\t<span class=\"elementor-divider-separator\">\n\t\t\t\t\t\t<\/span>\n\t\t<\/div>\n\t\t\t\t\t\t<\/div>\n\t\t\t\t<\/div>\n\t\t\t\t<div class=\"elementor-element elementor-element-9ed4878 elementor-widget elementor-widget-image\" data-id=\"9ed4878\" data-element_type=\"widget\" data-e-type=\"widget\" data-widget_type=\"image.default\">\n\t\t\t\t<div class=\"elementor-widget-container\">\n\t\t\t\t\t\t\t\t\t\t\t\t\t\t\t\t<a href=\"https:\/\/www.hyvinvoinnin.fi\/products\/alkuvesi-elektrolyyttijuoma\">\n\t\t\t\t\t\t\t<img decoding=\"async\" width=\"768\" height=\"184\" src=\"https:\/\/www.alkuvesi.fi\/wp-content\/uploads\/2023\/11\/hyvinvoinnin-768x184.png\" class=\"attachment-medium_large size-medium_large wp-image-684\" alt=\"\" srcset=\"https:\/\/www.alkuvesi.fi\/wp-content\/uploads\/2023\/11\/hyvinvoinnin-768x184.png 768w, https:\/\/www.alkuvesi.fi\/wp-content\/uploads\/2023\/11\/hyvinvoinnin-300x72.png 300w, https:\/\/www.alkuvesi.fi\/wp-content\/uploads\/2023\/11\/hyvinvoinnin.png 968w\" sizes=\"(max-width: 768px) 100vw, 768px\" \/>\t\t\t\t\t\t\t\t<\/a>\n\t\t\t\t\t\t\t\t\t\t\t\t\t\t\t<\/div>\n\t\t\t\t<\/div>\n\t\t\t\t<div class=\"elementor-element elementor-element-3b640a2 elementor-widget elementor-widget-text-editor\" data-id=\"3b640a2\" data-element_type=\"widget\" data-e-type=\"widget\" data-widget_type=\"text-editor.default\">\n\t\t\t\t<div class=\"elementor-widget-container\">\n\t\t\t\t\t\t\t\t\t<div class=\"\"><div class=\"\">Hyvinvoinnin Tavaratalo Oy, Alvar Aallon tie 275, 21540 Paimio<\/div><\/div><div class=\"\"><a href=\"https:\/\/www.hyvinvoinnin.fi\/products\/alkuvesi-elektrolyyttijuoma\">www.hyvinvoinnin.fi<\/a><\/div>\t\t\t\t\t\t\t\t<\/div>\n\t\t\t\t<\/div>\n\t\t\t\t<div class=\"elementor-element elementor-element-63b5838 elementor-widget-divider--view-line elementor-widget elementor-widget-divider\" data-id=\"63b5838\" data-element_type=\"widget\" data-e-type=\"widget\" data-widget_type=\"divider.default\">\n\t\t\t\t<div class=\"elementor-widget-container\">\n\t\t\t\t\t\t\t<div class=\"elementor-divider\">\n\t\t\t<span class=\"elementor-divider-separator\">\n\t\t\t\t\t\t<\/span>\n\t\t<\/div>\n\t\t\t\t\t\t<\/div>\n\t\t\t\t<\/div>\n\t\t\t\t<div class=\"elementor-element elementor-element-622ae47 elementor-widget elementor-widget-image\" data-id=\"622ae47\" data-element_type=\"widget\" data-e-type=\"widget\" data-widget_type=\"image.default\">\n\t\t\t\t<div class=\"elementor-widget-container\">\n\t\t\t\t\t\t\t\t\t\t\t\t\t\t\t<img loading=\"lazy\" decoding=\"async\" width=\"399\" height=\"108\" src=\"https:\/\/www.alkuvesi.fi\/wp-content\/uploads\/2024\/04\/Outlook-yvxd0ymp.png\" class=\"attachment-large size-large wp-image-738\" alt=\"\" srcset=\"https:\/\/www.alkuvesi.fi\/wp-content\/uploads\/2024\/04\/Outlook-yvxd0ymp.png 399w, https:\/\/www.alkuvesi.fi\/wp-content\/uploads\/2024\/04\/Outlook-yvxd0ymp-300x81.png 300w\" sizes=\"(max-width: 399px) 100vw, 399px\" \/>\t\t\t\t\t\t\t\t\t\t\t\t\t\t\t<\/div>\n\t\t\t\t<\/div>\n\t\t\t\t<div class=\"elementor-element elementor-element-a2866d4 elementor-widget elementor-widget-text-editor\" data-id=\"a2866d4\" data-element_type=\"widget\" data-e-type=\"widget\" data-widget_type=\"text-editor.default\">\n\t\t\t\t<div class=\"elementor-widget-container\">\n\t\t\t\t\t\t\t\t\t<div class=\"\"><div class=\"\">K-Supermarket Wasa, Klemetinkatu 17, 65100 Vaasa,<a href=\"https:\/\/www.k-ruoka.fi\/kauppa\/k-supermarket-wasa\"> web-sivut&gt;&gt;<\/a><\/div><\/div>\t\t\t\t\t\t\t\t<\/div>\n\t\t\t\t<\/div>\n\t\t\t\t<div class=\"elementor-element elementor-element-f1173c6 elementor-widget-divider--view-line elementor-widget elementor-widget-divider\" data-id=\"f1173c6\" data-element_type=\"widget\" data-e-type=\"widget\" data-widget_type=\"divider.default\">\n\t\t\t\t<div class=\"elementor-widget-container\">\n\t\t\t\t\t\t\t<div class=\"elementor-divider\">\n\t\t\t<span class=\"elementor-divider-separator\">\n\t\t\t\t\t\t<\/span>\n\t\t<\/div>\n\t\t\t\t\t\t<\/div>\n\t\t\t\t<\/div>\n\t\t\t\t<div class=\"elementor-element elementor-element-93e41df elementor-widget elementor-widget-image\" data-id=\"93e41df\" data-element_type=\"widget\" data-e-type=\"widget\" data-widget_type=\"image.default\">\n\t\t\t\t<div class=\"elementor-widget-container\">\n\t\t\t\t\t\t\t\t\t\t\t\t\t\t\t<img loading=\"lazy\" decoding=\"async\" width=\"300\" height=\"55\" src=\"https:\/\/www.alkuvesi.fi\/wp-content\/uploads\/2024\/04\/pur-300x55.png\" class=\"attachment-medium size-medium wp-image-748\" alt=\"\" srcset=\"https:\/\/www.alkuvesi.fi\/wp-content\/uploads\/2024\/04\/pur-300x55.png 300w, https:\/\/www.alkuvesi.fi\/wp-content\/uploads\/2024\/04\/pur.png 757w\" sizes=\"(max-width: 300px) 100vw, 300px\" \/>\t\t\t\t\t\t\t\t\t\t\t\t\t\t\t<\/div>\n\t\t\t\t<\/div>\n\t\t\t\t<div class=\"elementor-element elementor-element-8dc9914 elementor-widget elementor-widget-text-editor\" data-id=\"8dc9914\" data-element_type=\"widget\" data-e-type=\"widget\" data-widget_type=\"text-editor.default\">\n\t\t\t\t<div class=\"elementor-widget-container\">\n\t\t\t\t\t\t\t\t\t<div class=\"\"><div class=\"\">P\u00fcr-kauppa, Urho Kekkosen katu 8, 00100 Helsinki \u2022\u00a0 <a href=\"https:\/\/pur-kauppa.fi\/\">web-sivut&gt;&gt;<\/a><\/div><\/div>\t\t\t\t\t\t\t\t<\/div>\n\t\t\t\t<\/div>\n\t\t\t\t<div class=\"elementor-element elementor-element-8d8a8a3 elementor-widget-divider--view-line elementor-widget elementor-widget-divider\" data-id=\"8d8a8a3\" data-element_type=\"widget\" data-e-type=\"widget\" data-widget_type=\"divider.default\">\n\t\t\t\t<div class=\"elementor-widget-container\">\n\t\t\t\t\t\t\t<div class=\"elementor-divider\">\n\t\t\t<span class=\"elementor-divider-separator\">\n\t\t\t\t\t\t<\/span>\n\t\t<\/div>\n\t\t\t\t\t\t<\/div>\n\t\t\t\t<\/div>\n\t\t\t\t<div class=\"elementor-element elementor-element-1b7289d elementor-widget elementor-widget-image\" data-id=\"1b7289d\" data-element_type=\"widget\" data-e-type=\"widget\" data-widget_type=\"image.default\">\n\t\t\t\t<div class=\"elementor-widget-container\">\n\t\t\t\t\t\t\t\t\t\t\t\t\t\t\t<img loading=\"lazy\" decoding=\"async\" width=\"400\" height=\"63\" src=\"https:\/\/www.alkuvesi.fi\/wp-content\/uploads\/2024\/05\/kcm.jpg\" class=\"attachment-large size-large wp-image-763\" alt=\"\" srcset=\"https:\/\/www.alkuvesi.fi\/wp-content\/uploads\/2024\/05\/kcm.jpg 400w, https:\/\/www.alkuvesi.fi\/wp-content\/uploads\/2024\/05\/kcm-300x47.jpg 300w\" sizes=\"(max-width: 400px) 100vw, 400px\" \/>\t\t\t\t\t\t\t\t\t\t\t\t\t\t\t<\/div>\n\t\t\t\t<\/div>\n\t\t\t\t<div class=\"elementor-element elementor-element-2ec954b elementor-widget elementor-widget-text-editor\" data-id=\"2ec954b\" data-element_type=\"widget\" data-e-type=\"widget\" data-widget_type=\"text-editor.default\">\n\t\t\t\t<div class=\"elementor-widget-container\">\n\t\t\t\t\t\t\t\t\t<div class=\"\"><div class=\"\">K-Citymarket, Pirkkala <br \/>K-Citymarket, Vaasa keskusta <br \/>K-Citymarket, Vaasa Kivihaka<\/div><div class=\"\"><a href=\"https:\/\/www.k-citymarket.fi\/\">web-sivut&gt;&gt;<\/a><\/div><\/div>\t\t\t\t\t\t\t\t<\/div>\n\t\t\t\t<\/div>\n\t\t\t\t\t<\/div>\n\t\t<\/div>\n\t\t\t\t\t<\/div>\n\t\t<\/section>\n\t\t\t\t<section data-particle_enable=\"false\" data-particle-mobile-disabled=\"false\" class=\"elementor-section elementor-top-section elementor-element elementor-element-3598f14 elementor-section-boxed elementor-section-height-default elementor-section-height-default\" data-id=\"3598f14\" data-element_type=\"section\" data-e-type=\"section\">\n\t\t\t\t\t\t<div class=\"elementor-container elementor-column-gap-default\">\n\t\t\t\t\t<div class=\"elementor-column elementor-col-100 elementor-top-column elementor-element elementor-element-ec6a687\" data-id=\"ec6a687\" data-element_type=\"column\" data-e-type=\"column\">\n\t\t\t<div class=\"elementor-widget-wrap elementor-element-populated\">\n\t\t\t\t\t\t<div class=\"elementor-element elementor-element-5198df1 elementor-widget-divider--view-line elementor-widget elementor-widget-divider\" data-id=\"5198df1\" data-element_type=\"widget\" data-e-type=\"widget\" data-widget_type=\"divider.default\">\n\t\t\t\t<div class=\"elementor-widget-container\">\n\t\t\t\t\t\t\t<div class=\"elementor-divider\">\n\t\t\t<span class=\"elementor-divider-separator\">\n\t\t\t\t\t\t<\/span>\n\t\t<\/div>\n\t\t\t\t\t\t<\/div>\n\t\t\t\t<\/div>\n\t\t\t\t<div class=\"elementor-element elementor-element-781c278 elementor-widget elementor-widget-image\" data-id=\"781c278\" data-element_type=\"widget\" data-e-type=\"widget\" data-widget_type=\"image.default\">\n\t\t\t\t<div class=\"elementor-widget-container\">\n\t\t\t\t\t\t\t\t\t\t\t\t\t\t\t<img loading=\"lazy\" decoding=\"async\" width=\"300\" height=\"120\" src=\"https:\/\/www.alkuvesi.fi\/wp-content\/uploads\/2024\/09\/kk_logo-300x120.jpg\" class=\"attachment-medium size-medium wp-image-792\" alt=\"\" srcset=\"https:\/\/www.alkuvesi.fi\/wp-content\/uploads\/2024\/09\/kk_logo-300x120.jpg 300w, https:\/\/www.alkuvesi.fi\/wp-content\/uploads\/2024\/09\/kk_logo.jpg 720w\" sizes=\"(max-width: 300px) 100vw, 300px\" \/>\t\t\t\t\t\t\t\t\t\t\t\t\t\t\t<\/div>\n\t\t\t\t<\/div>\n\t\t\t\t<div class=\"elementor-element elementor-element-edfc9d8 elementor-widget elementor-widget-text-editor\" data-id=\"edfc9d8\" data-element_type=\"widget\" data-e-type=\"widget\" data-widget_type=\"text-editor.default\">\n\t\t\t\t<div class=\"elementor-widget-container\">\n\t\t\t\t\t\t\t\t\t<div class=\"\"><div class=\"\">Kahvilakauppa, Satakunnankatu 12, 33100 Tampere<\/div><div class=\"\"><a href=\"https:\/\/kahvilakauppa.fi\/\">web-sivut&gt;&gt;<\/a><\/div><\/div>\t\t\t\t\t\t\t\t<\/div>\n\t\t\t\t<\/div>\n\t\t\t\t\t<\/div>\n\t\t<\/div>\n\t\t\t\t\t<\/div>\n\t\t<\/section>\n\t\t\t\t<\/div>\n\t\t","protected":false},"excerpt":{"rendered":"<p>RESELLERS BioPro Valkeakoski,BioPro Ideapark Lemp\u00e4\u00e4l\u00e4BioPro Koivistonkyl\u00e4 TampereBioPro Koskikeskus TampereBioPro LielahtiBioPro Kaleva Tampere,BioPro KangasalaBioPro Hyvink\u00e4\u00e4 WillaBioPro Espoo LippulaivaBioPro Rauma\u00a0www.biopro.fi Ekosoppi Vaasawww.ekosoppi.fi Hyvinvoinnin Tavaratalo Oy, Alvar Aallon tie 275, 21540 Paimiowww.hyvinvoinnin.fi K-Supermarket Wasa, Klemetinkatu 17, 65100 Vaasa, web-sivut&gt;&gt; P\u00fcr-kauppa, Urho Kekkosen katu 8, 00100 Helsinki \u2022\u00a0 web-sivut&gt;&gt; K-Citymarket, Pirkkala K-Citymarket, Vaasa keskusta K-Citymarket, Vaasa Kivihakaweb-sivut&gt;&gt; Kahvilakauppa, Satakunnankatu [&hellip;]<\/p>\n","protected":false},"author":1,"featured_media":0,"parent":0,"menu_order":0,"comment_status":"closed","ping_status":"closed","template":"elementor_header_footer","meta":{"footnotes":""},"class_list":["post-723","page","type-page","status-publish","hentry"],"_links":{"self":[{"href":"https:\/\/www.alkuvesi.fi\/index.php\/wp-json\/wp\/v2\/pages\/723","targetHints":{"allow":["GET"]}}],"collection":[{"href":"https:\/\/www.alkuvesi.fi\/index.php\/wp-json\/wp\/v2\/pages"}],"about":[{"href":"https:\/\/www.alkuvesi.fi\/index.php\/wp-json\/wp\/v2\/types\/page"}],"author":[{"embeddable":true,"href":"https:\/\/www.alkuvesi.fi\/index.php\/wp-json\/wp\/v2\/users\/1"}],"replies":[{"embeddable":true,"href":"https:\/\/www.alkuvesi.fi\/index.php\/wp-json\/wp\/v2\/comments?post=723"}],"version-history":[{"count":17,"href":"https:\/\/www.alkuvesi.fi\/index.php\/wp-json\/wp\/v2\/pages\/723\/revisions"}],"predecessor-version":[{"id":815,"href":"https:\/\/www.alkuvesi.fi\/index.php\/wp-json\/wp\/v2\/pages\/723\/revisions\/815"}],"wp:attachment":[{"href":"https:\/\/www.alkuvesi.fi\/index.php\/wp-json\/wp\/v2\/media?parent=723"}],"curies":[{"name":"wp","href":"https:\/\/api.w.org\/{rel}","templated":true}]}}