{"id":700,"date":"2024-03-27T13:14:36","date_gmt":"2024-03-27T13:14:36","guid":{"rendered":"https:\/\/www.alkuvesi.fi\/?page_id=700"},"modified":"2025-07-12T07:57:30","modified_gmt":"2025-07-12T07:57:30","slug":"jalleenmyyjat","status":"publish","type":"page","link":"https:\/\/www.alkuvesi.fi\/index.php\/jalleenmyyjat\/","title":{"rendered":"J\u00e4lleenmyyj\u00e4t"},"content":{"rendered":"\t\t<div data-elementor-type=\"wp-page\" data-elementor-id=\"700\" class=\"elementor elementor-700\" data-elementor-post-type=\"page\">\n\t\t\t\t\t\t<section data-particle_enable=\"false\" data-particle-mobile-disabled=\"false\" class=\"elementor-section elementor-top-section elementor-element elementor-element-fe19d11 elementor-section-boxed elementor-section-height-default elementor-section-height-default\" data-id=\"fe19d11\" data-element_type=\"section\" data-e-type=\"section\">\n\t\t\t\t\t\t<div class=\"elementor-container elementor-column-gap-default\">\n\t\t\t\t\t<div class=\"elementor-column elementor-col-100 elementor-top-column elementor-element elementor-element-49dc2bf\" data-id=\"49dc2bf\" data-element_type=\"column\" data-e-type=\"column\">\n\t\t\t<div class=\"elementor-widget-wrap elementor-element-populated\">\n\t\t\t\t\t\t<div class=\"elementor-element elementor-element-a787a15 elementor-widget elementor-widget-heading\" data-id=\"a787a15\" data-element_type=\"widget\" data-e-type=\"widget\" data-widget_type=\"heading.default\">\n\t\t\t\t<div class=\"elementor-widget-container\">\n\t\t\t\t\t<h2 class=\"elementor-heading-title elementor-size-default\">J\u00c4LLEENMYYJ\u00c4T<\/h2>\t\t\t\t<\/div>\n\t\t\t\t<\/div>\n\t\t\t\t<div class=\"elementor-element elementor-element-92154ff elementor-widget elementor-widget-image\" data-id=\"92154ff\" data-element_type=\"widget\" data-e-type=\"widget\" data-widget_type=\"image.default\">\n\t\t\t\t<div class=\"elementor-widget-container\">\n\t\t\t\t\t\t\t\t\t\t\t\t\t\t\t\t<a href=\"https:\/\/www.biopro.fi\/\">\n\t\t\t\t\t\t\t<img fetchpriority=\"high\" decoding=\"async\" width=\"768\" height=\"196\" src=\"https:\/\/www.alkuvesi.fi\/wp-content\/uploads\/2024\/03\/biopro-768x196.png\" class=\"attachment-medium_large size-medium_large wp-image-703\" alt=\"\" srcset=\"https:\/\/www.alkuvesi.fi\/wp-content\/uploads\/2024\/03\/biopro-768x196.png 768w, https:\/\/www.alkuvesi.fi\/wp-content\/uploads\/2024\/03\/biopro-300x77.png 300w, https:\/\/www.alkuvesi.fi\/wp-content\/uploads\/2024\/03\/biopro-1024x262.png 1024w, https:\/\/www.alkuvesi.fi\/wp-content\/uploads\/2024\/03\/biopro-1536x393.png 1536w, https:\/\/www.alkuvesi.fi\/wp-content\/uploads\/2024\/03\/biopro.png 1564w\" sizes=\"(max-width: 768px) 100vw, 768px\" \/>\t\t\t\t\t\t\t\t<\/a>\n\t\t\t\t\t\t\t\t\t\t\t\t\t\t\t<\/div>\n\t\t\t\t<\/div>\n\t\t\t\t<div class=\"elementor-element elementor-element-654f522 elementor-widget elementor-widget-text-editor\" data-id=\"654f522\" data-element_type=\"widget\" data-e-type=\"widget\" data-widget_type=\"text-editor.default\">\n\t\t\t\t<div class=\"elementor-widget-container\">\n\t\t\t\t\t\t\t\t\t<div class=\"\"><div class=\"\">BioPro Valkeakoski,<\/div><div class=\"\">BioPro Ideapark Lemp\u00e4\u00e4l\u00e4<\/div><div class=\"\">BioPro Koivistonkyl\u00e4 Tampere<\/div><div class=\"\">BioPro Koskikeskus Tampere<\/div><div class=\"\">BioPro Lielahti<\/div><div class=\"\">BioPro Kaleva Tampere,<\/div><div class=\"\">BioPro Kangasala<br \/>BioPro Hyvink\u00e4\u00e4 Willa<br \/>BioPro Espoo Lippulaiva<br \/>BioPro Rauma<\/div><div>\u00a0<\/div><div>Myym\u00e4l\u00f6iden tiedot l\u00f6yd\u00e4t nettisivuiltamme,\u00a0<a href=\"https:\/\/www.biopro.fi\/#myymalat\">www.biopro.fi<\/a><\/div><\/div>\t\t\t\t\t\t\t\t<\/div>\n\t\t\t\t<\/div>\n\t\t\t\t<div class=\"elementor-element elementor-element-8649540 elementor-widget-divider--view-line elementor-widget elementor-widget-divider\" data-id=\"8649540\" data-element_type=\"widget\" data-e-type=\"widget\" data-widget_type=\"divider.default\">\n\t\t\t\t<div class=\"elementor-widget-container\">\n\t\t\t\t\t\t\t<div class=\"elementor-divider\">\n\t\t\t<span class=\"elementor-divider-separator\">\n\t\t\t\t\t\t<\/span>\n\t\t<\/div>\n\t\t\t\t\t\t<\/div>\n\t\t\t\t<\/div>\n\t\t\t\t<div class=\"elementor-element elementor-element-1ef3748 elementor-widget elementor-widget-image\" data-id=\"1ef3748\" data-element_type=\"widget\" data-e-type=\"widget\" data-widget_type=\"image.default\">\n\t\t\t\t<div class=\"elementor-widget-container\">\n\t\t\t\t\t\t\t\t\t\t\t\t\t\t\t\t<a href=\"https:\/\/www.ekosoppi.fi\/\">\n\t\t\t\t\t\t\t<img decoding=\"async\" width=\"570\" height=\"100\" src=\"https:\/\/www.alkuvesi.fi\/wp-content\/uploads\/2024\/03\/ekosppi.png\" class=\"attachment-medium_large size-medium_large wp-image-704\" alt=\"\" srcset=\"https:\/\/www.alkuvesi.fi\/wp-content\/uploads\/2024\/03\/ekosppi.png 570w, https:\/\/www.alkuvesi.fi\/wp-content\/uploads\/2024\/03\/ekosppi-300x53.png 300w\" sizes=\"(max-width: 570px) 100vw, 570px\" \/>\t\t\t\t\t\t\t\t<\/a>\n\t\t\t\t\t\t\t\t\t\t\t\t\t\t\t<\/div>\n\t\t\t\t<\/div>\n\t\t\t\t<div class=\"elementor-element elementor-element-4d7b3eb elementor-widget elementor-widget-text-editor\" data-id=\"4d7b3eb\" data-element_type=\"widget\" data-e-type=\"widget\" data-widget_type=\"text-editor.default\">\n\t\t\t\t<div class=\"elementor-widget-container\">\n\t\t\t\t\t\t\t\t\t<div class=\"\"><div class=\"\"><div class=\"\">Ekosoppi Vaasa<\/div><\/div><div class=\"\"><a class=\"\" href=\"http:\/\/www.ekosoppi.fi\/\">www.ekosoppi.fi<\/a><\/div><\/div>\t\t\t\t\t\t\t\t<\/div>\n\t\t\t\t<\/div>\n\t\t\t\t<div class=\"elementor-element elementor-element-b0f9813 elementor-widget-divider--view-line elementor-widget elementor-widget-divider\" data-id=\"b0f9813\" data-element_type=\"widget\" data-e-type=\"widget\" data-widget_type=\"divider.default\">\n\t\t\t\t<div class=\"elementor-widget-container\">\n\t\t\t\t\t\t\t<div class=\"elementor-divider\">\n\t\t\t<span class=\"elementor-divider-separator\">\n\t\t\t\t\t\t<\/span>\n\t\t<\/div>\n\t\t\t\t\t\t<\/div>\n\t\t\t\t<\/div>\n\t\t\t\t<div class=\"elementor-element elementor-element-ada3099 elementor-widget elementor-widget-image\" data-id=\"ada3099\" data-element_type=\"widget\" data-e-type=\"widget\" data-widget_type=\"image.default\">\n\t\t\t\t<div class=\"elementor-widget-container\">\n\t\t\t\t\t\t\t\t\t\t\t\t\t\t\t\t<a href=\"https:\/\/www.hyvinvoinnin.fi\/products\/alkuvesi-elektrolyyttijuoma\">\n\t\t\t\t\t\t\t<img decoding=\"async\" width=\"768\" height=\"184\" src=\"https:\/\/www.alkuvesi.fi\/wp-content\/uploads\/2023\/11\/hyvinvoinnin-768x184.png\" class=\"attachment-medium_large size-medium_large wp-image-684\" alt=\"\" srcset=\"https:\/\/www.alkuvesi.fi\/wp-content\/uploads\/2023\/11\/hyvinvoinnin-768x184.png 768w, https:\/\/www.alkuvesi.fi\/wp-content\/uploads\/2023\/11\/hyvinvoinnin-300x72.png 300w, https:\/\/www.alkuvesi.fi\/wp-content\/uploads\/2023\/11\/hyvinvoinnin.png 968w\" sizes=\"(max-width: 768px) 100vw, 768px\" \/>\t\t\t\t\t\t\t\t<\/a>\n\t\t\t\t\t\t\t\t\t\t\t\t\t\t\t<\/div>\n\t\t\t\t<\/div>\n\t\t\t\t<div class=\"elementor-element elementor-element-2239fae elementor-widget elementor-widget-text-editor\" data-id=\"2239fae\" data-element_type=\"widget\" data-e-type=\"widget\" data-widget_type=\"text-editor.default\">\n\t\t\t\t<div class=\"elementor-widget-container\">\n\t\t\t\t\t\t\t\t\t<div class=\"\"><div class=\"\">Hyvinvoinnin Tavaratalo Oy, Alvar Aallon tie 275, 21540 Paimio<\/div><\/div><div class=\"\"><a href=\"https:\/\/www.hyvinvoinnin.fi\/products\/alkuvesi-elektrolyyttijuoma\">www.hyvinvoinnin.fi<\/a><\/div>\t\t\t\t\t\t\t\t<\/div>\n\t\t\t\t<\/div>\n\t\t\t\t<div class=\"elementor-element elementor-element-c805d08 elementor-widget-divider--view-line elementor-widget elementor-widget-divider\" data-id=\"c805d08\" data-element_type=\"widget\" data-e-type=\"widget\" data-widget_type=\"divider.default\">\n\t\t\t\t<div class=\"elementor-widget-container\">\n\t\t\t\t\t\t\t<div class=\"elementor-divider\">\n\t\t\t<span class=\"elementor-divider-separator\">\n\t\t\t\t\t\t<\/span>\n\t\t<\/div>\n\t\t\t\t\t\t<\/div>\n\t\t\t\t<\/div>\n\t\t\t\t<div class=\"elementor-element elementor-element-ac34de4 elementor-widget elementor-widget-image\" data-id=\"ac34de4\" data-element_type=\"widget\" data-e-type=\"widget\" data-widget_type=\"image.default\">\n\t\t\t\t<div class=\"elementor-widget-container\">\n\t\t\t\t\t\t\t\t\t\t\t\t\t\t\t<img loading=\"lazy\" decoding=\"async\" width=\"350\" height=\"120\" src=\"https:\/\/www.alkuvesi.fi\/wp-content\/uploads\/2025\/07\/bageri3.png\" class=\"attachment-full size-full wp-image-806\" alt=\"\" srcset=\"https:\/\/www.alkuvesi.fi\/wp-content\/uploads\/2025\/07\/bageri3.png 350w, https:\/\/www.alkuvesi.fi\/wp-content\/uploads\/2025\/07\/bageri3-300x103.png 300w\" sizes=\"(max-width: 350px) 100vw, 350px\" \/>\t\t\t\t\t\t\t\t\t\t\t\t\t\t\t<\/div>\n\t\t\t\t<\/div>\n\t\t\t\t<div class=\"elementor-element elementor-element-dd06357 elementor-widget elementor-widget-text-editor\" data-id=\"dd06357\" data-element_type=\"widget\" data-e-type=\"widget\" data-widget_type=\"text-editor.default\">\n\t\t\t\t<div class=\"elementor-widget-container\">\n\t\t\t\t\t\t\t\t\t<div class=\"\"><div class=\"\">Kakolan leipomo + kahvila, Turku <a href=\"https:\/\/bagerio.fi\/\">web-sivut&gt;&gt;<\/a><\/div><\/div>\t\t\t\t\t\t\t\t<\/div>\n\t\t\t\t<\/div>\n\t\t\t\t<div class=\"elementor-element elementor-element-3a5eb62 elementor-widget-divider--view-line elementor-widget elementor-widget-divider\" data-id=\"3a5eb62\" data-element_type=\"widget\" data-e-type=\"widget\" data-widget_type=\"divider.default\">\n\t\t\t\t<div class=\"elementor-widget-container\">\n\t\t\t\t\t\t\t<div class=\"elementor-divider\">\n\t\t\t<span class=\"elementor-divider-separator\">\n\t\t\t\t\t\t<\/span>\n\t\t<\/div>\n\t\t\t\t\t\t<\/div>\n\t\t\t\t<\/div>\n\t\t\t\t\t<\/div>\n\t\t<\/div>\n\t\t\t\t\t<\/div>\n\t\t<\/section>\n\t\t\t\t<section data-particle_enable=\"false\" data-particle-mobile-disabled=\"false\" class=\"elementor-section elementor-top-section elementor-element elementor-element-35b72b2 elementor-section-boxed elementor-section-height-default elementor-section-height-default\" data-id=\"35b72b2\" data-element_type=\"section\" data-e-type=\"section\">\n\t\t\t\t\t\t<div class=\"elementor-container elementor-column-gap-default\">\n\t\t\t\t\t<div class=\"elementor-column elementor-col-100 elementor-top-column elementor-element elementor-element-ce555c7\" data-id=\"ce555c7\" data-element_type=\"column\" data-e-type=\"column\">\n\t\t\t<div class=\"elementor-widget-wrap elementor-element-populated\">\n\t\t\t\t\t\t<div class=\"elementor-element elementor-element-7c72980 elementor-widget elementor-widget-image\" data-id=\"7c72980\" data-element_type=\"widget\" data-e-type=\"widget\" data-widget_type=\"image.default\">\n\t\t\t\t<div class=\"elementor-widget-container\">\n\t\t\t\t\t\t\t\t\t\t\t\t\t\t\t<img loading=\"lazy\" decoding=\"async\" width=\"300\" height=\"55\" src=\"https:\/\/www.alkuvesi.fi\/wp-content\/uploads\/2024\/04\/pur-300x55.png\" class=\"attachment-medium size-medium wp-image-748\" alt=\"\" srcset=\"https:\/\/www.alkuvesi.fi\/wp-content\/uploads\/2024\/04\/pur-300x55.png 300w, https:\/\/www.alkuvesi.fi\/wp-content\/uploads\/2024\/04\/pur.png 757w\" sizes=\"(max-width: 300px) 100vw, 300px\" \/>\t\t\t\t\t\t\t\t\t\t\t\t\t\t\t<\/div>\n\t\t\t\t<\/div>\n\t\t\t\t<div class=\"elementor-element elementor-element-d4f8175 elementor-widget elementor-widget-text-editor\" data-id=\"d4f8175\" data-element_type=\"widget\" data-e-type=\"widget\" data-widget_type=\"text-editor.default\">\n\t\t\t\t<div class=\"elementor-widget-container\">\n\t\t\t\t\t\t\t\t\t<div class=\"\"><div class=\"\">P\u00fcr-kauppa, Urho Kekkosen katu 8, 00100 Helsinki \u2022\u00a0 <a href=\"https:\/\/pur-kauppa.fi\/\">web-sivut&gt;&gt;<\/a><\/div><\/div>\t\t\t\t\t\t\t\t<\/div>\n\t\t\t\t<\/div>\n\t\t\t\t\t<\/div>\n\t\t<\/div>\n\t\t\t\t\t<\/div>\n\t\t<\/section>\n\t\t\t\t<section data-particle_enable=\"false\" data-particle-mobile-disabled=\"false\" class=\"elementor-section elementor-top-section elementor-element elementor-element-fa8ea13 elementor-section-boxed elementor-section-height-default elementor-section-height-default\" data-id=\"fa8ea13\" data-element_type=\"section\" data-e-type=\"section\">\n\t\t\t\t\t\t<div class=\"elementor-container elementor-column-gap-default\">\n\t\t\t\t\t<div class=\"elementor-column elementor-col-100 elementor-top-column elementor-element elementor-element-e5ded75\" data-id=\"e5ded75\" data-element_type=\"column\" data-e-type=\"column\">\n\t\t\t<div class=\"elementor-widget-wrap elementor-element-populated\">\n\t\t\t\t\t\t<div class=\"elementor-element elementor-element-abd1b36 elementor-widget-divider--view-line elementor-widget elementor-widget-divider\" data-id=\"abd1b36\" data-element_type=\"widget\" data-e-type=\"widget\" data-widget_type=\"divider.default\">\n\t\t\t\t<div class=\"elementor-widget-container\">\n\t\t\t\t\t\t\t<div class=\"elementor-divider\">\n\t\t\t<span class=\"elementor-divider-separator\">\n\t\t\t\t\t\t<\/span>\n\t\t<\/div>\n\t\t\t\t\t\t<\/div>\n\t\t\t\t<\/div>\n\t\t\t\t<div class=\"elementor-element elementor-element-0964a43 elementor-widget elementor-widget-image\" data-id=\"0964a43\" data-element_type=\"widget\" data-e-type=\"widget\" data-widget_type=\"image.default\">\n\t\t\t\t<div class=\"elementor-widget-container\">\n\t\t\t\t\t\t\t\t\t\t\t\t\t\t\t<img loading=\"lazy\" decoding=\"async\" width=\"400\" height=\"63\" src=\"https:\/\/www.alkuvesi.fi\/wp-content\/uploads\/2024\/05\/kcm.jpg\" class=\"attachment-large size-large wp-image-763\" alt=\"\" srcset=\"https:\/\/www.alkuvesi.fi\/wp-content\/uploads\/2024\/05\/kcm.jpg 400w, https:\/\/www.alkuvesi.fi\/wp-content\/uploads\/2024\/05\/kcm-300x47.jpg 300w\" sizes=\"(max-width: 400px) 100vw, 400px\" \/>\t\t\t\t\t\t\t\t\t\t\t\t\t\t\t<\/div>\n\t\t\t\t<\/div>\n\t\t\t\t<div class=\"elementor-element elementor-element-c3497bb elementor-widget elementor-widget-text-editor\" data-id=\"c3497bb\" data-element_type=\"widget\" data-e-type=\"widget\" data-widget_type=\"text-editor.default\">\n\t\t\t\t<div class=\"elementor-widget-container\">\n\t\t\t\t\t\t\t\t\t<div class=\"\"><div class=\"\">K-Citymarket, Pirkkala <br \/>K-Citymarket, Vaasa keskusta <br \/>K-Citymarket, Vaasa Kivihaka<\/div><div class=\"\"><a href=\"https:\/\/www.k-citymarket.fi\/\">web-sivut&gt;&gt;<\/a><\/div><\/div>\t\t\t\t\t\t\t\t<\/div>\n\t\t\t\t<\/div>\n\t\t\t\t\t<\/div>\n\t\t<\/div>\n\t\t\t\t\t<\/div>\n\t\t<\/section>\n\t\t\t\t<section data-particle_enable=\"false\" data-particle-mobile-disabled=\"false\" class=\"elementor-section elementor-top-section elementor-element elementor-element-4bf613f elementor-section-boxed elementor-section-height-default elementor-section-height-default\" data-id=\"4bf613f\" data-element_type=\"section\" data-e-type=\"section\">\n\t\t\t\t\t\t<div class=\"elementor-container elementor-column-gap-default\">\n\t\t\t\t\t<div class=\"elementor-column elementor-col-100 elementor-top-column elementor-element elementor-element-4de8652\" data-id=\"4de8652\" data-element_type=\"column\" data-e-type=\"column\">\n\t\t\t<div class=\"elementor-widget-wrap elementor-element-populated\">\n\t\t\t\t\t\t<div class=\"elementor-element elementor-element-04a5b00 elementor-widget-divider--view-line elementor-widget elementor-widget-divider\" data-id=\"04a5b00\" data-element_type=\"widget\" data-e-type=\"widget\" data-widget_type=\"divider.default\">\n\t\t\t\t<div class=\"elementor-widget-container\">\n\t\t\t\t\t\t\t<div class=\"elementor-divider\">\n\t\t\t<span class=\"elementor-divider-separator\">\n\t\t\t\t\t\t<\/span>\n\t\t<\/div>\n\t\t\t\t\t\t<\/div>\n\t\t\t\t<\/div>\n\t\t\t\t<div class=\"elementor-element elementor-element-15b402b elementor-widget elementor-widget-image\" data-id=\"15b402b\" data-element_type=\"widget\" data-e-type=\"widget\" data-widget_type=\"image.default\">\n\t\t\t\t<div class=\"elementor-widget-container\">\n\t\t\t\t\t\t\t\t\t\t\t\t\t\t\t<img loading=\"lazy\" decoding=\"async\" width=\"300\" height=\"120\" src=\"https:\/\/www.alkuvesi.fi\/wp-content\/uploads\/2024\/09\/kk_logo-300x120.jpg\" class=\"attachment-medium size-medium wp-image-792\" alt=\"\" srcset=\"https:\/\/www.alkuvesi.fi\/wp-content\/uploads\/2024\/09\/kk_logo-300x120.jpg 300w, https:\/\/www.alkuvesi.fi\/wp-content\/uploads\/2024\/09\/kk_logo.jpg 720w\" sizes=\"(max-width: 300px) 100vw, 300px\" \/>\t\t\t\t\t\t\t\t\t\t\t\t\t\t\t<\/div>\n\t\t\t\t<\/div>\n\t\t\t\t<div class=\"elementor-element elementor-element-7c9a00d elementor-widget elementor-widget-text-editor\" data-id=\"7c9a00d\" data-element_type=\"widget\" data-e-type=\"widget\" data-widget_type=\"text-editor.default\">\n\t\t\t\t<div class=\"elementor-widget-container\">\n\t\t\t\t\t\t\t\t\t<div class=\"\"><div class=\"\">Kahvilakauppa, Satakunnankatu 12, 33100 Tampere<\/div><div class=\"\"><a href=\"https:\/\/kahvilakauppa.fi\/\">web-sivut&gt;&gt;<\/a><\/div><\/div>\t\t\t\t\t\t\t\t<\/div>\n\t\t\t\t<\/div>\n\t\t\t\t\t<\/div>\n\t\t<\/div>\n\t\t\t\t\t<\/div>\n\t\t<\/section>\n\t\t\t\t<\/div>\n\t\t","protected":false},"excerpt":{"rendered":"<p>J\u00c4LLEENMYYJ\u00c4T BioPro Valkeakoski,BioPro Ideapark Lemp\u00e4\u00e4l\u00e4BioPro Koivistonkyl\u00e4 TampereBioPro Koskikeskus TampereBioPro LielahtiBioPro Kaleva Tampere,BioPro KangasalaBioPro Hyvink\u00e4\u00e4 WillaBioPro Espoo LippulaivaBioPro Rauma\u00a0Myym\u00e4l\u00f6iden tiedot l\u00f6yd\u00e4t nettisivuiltamme,\u00a0www.biopro.fi Ekosoppi Vaasawww.ekosoppi.fi Hyvinvoinnin Tavaratalo Oy, Alvar Aallon tie 275, 21540 Paimiowww.hyvinvoinnin.fi Kakolan leipomo + kahvila, Turku web-sivut&gt;&gt; P\u00fcr-kauppa, Urho Kekkosen katu 8, 00100 Helsinki \u2022\u00a0 web-sivut&gt;&gt; K-Citymarket, Pirkkala K-Citymarket, Vaasa keskusta K-Citymarket, Vaasa Kivihakaweb-sivut&gt;&gt; [&hellip;]<\/p>\n","protected":false},"author":1,"featured_media":0,"parent":0,"menu_order":0,"comment_status":"closed","ping_status":"closed","template":"elementor_header_footer","meta":{"footnotes":""},"class_list":["post-700","page","type-page","status-publish","hentry"],"_links":{"self":[{"href":"https:\/\/www.alkuvesi.fi\/index.php\/wp-json\/wp\/v2\/pages\/700","targetHints":{"allow":["GET"]}}],"collection":[{"href":"https:\/\/www.alkuvesi.fi\/index.php\/wp-json\/wp\/v2\/pages"}],"about":[{"href":"https:\/\/www.alkuvesi.fi\/index.php\/wp-json\/wp\/v2\/types\/page"}],"author":[{"embeddable":true,"href":"https:\/\/www.alkuvesi.fi\/index.php\/wp-json\/wp\/v2\/users\/1"}],"replies":[{"embeddable":true,"href":"https:\/\/www.alkuvesi.fi\/index.php\/wp-json\/wp\/v2\/comments?post=700"}],"version-history":[{"count":58,"href":"https:\/\/www.alkuvesi.fi\/index.php\/wp-json\/wp\/v2\/pages\/700\/revisions"}],"predecessor-version":[{"id":809,"href":"https:\/\/www.alkuvesi.fi\/index.php\/wp-json\/wp\/v2\/pages\/700\/revisions\/809"}],"wp:attachment":[{"href":"https:\/\/www.alkuvesi.fi\/index.php\/wp-json\/wp\/v2\/media?parent=700"}],"curies":[{"name":"wp","href":"https:\/\/api.w.org\/{rel}","templated":true}]}}