{"id":7,"date":"2023-11-01T16:03:57","date_gmt":"2023-11-01T16:03:57","guid":{"rendered":"https:\/\/www.alkuvesi.fi\/?page_id=7"},"modified":"2024-09-11T19:15:54","modified_gmt":"2024-09-11T19:15:54","slug":"alkuun","status":"publish","type":"page","link":"https:\/\/www.alkuvesi.fi\/","title":{"rendered":"Alkuun"},"content":{"rendered":"\t\t<div data-elementor-type=\"wp-page\" data-elementor-id=\"7\" class=\"elementor elementor-7\" data-elementor-post-type=\"page\">\n\t\t\t\t\t\t<section data-particle_enable=\"false\" data-particle-mobile-disabled=\"false\" class=\"elementor-section elementor-top-section elementor-element elementor-element-ad7fe96 elementor-section-full_width elementor-section-height-min-height elementor-section-height-default elementor-section-items-middle\" data-id=\"ad7fe96\" data-element_type=\"section\" data-e-type=\"section\" data-settings=\"{&quot;background_background&quot;:&quot;classic&quot;,&quot;background_motion_fx_motion_fx_scrolling&quot;:&quot;yes&quot;,&quot;background_motion_fx_translateX_effect&quot;:&quot;yes&quot;,&quot;background_motion_fx_translateX_speed&quot;:{&quot;unit&quot;:&quot;px&quot;,&quot;size&quot;:1,&quot;sizes&quot;:[]},&quot;background_motion_fx_translateX_affectedRange&quot;:{&quot;unit&quot;:&quot;%&quot;,&quot;size&quot;:&quot;&quot;,&quot;sizes&quot;:{&quot;start&quot;:23,&quot;end&quot;:85}},&quot;background_motion_fx_scale_effect&quot;:&quot;yes&quot;,&quot;background_motion_fx_scale_direction&quot;:&quot;out-in&quot;,&quot;background_motion_fx_scale_speed&quot;:{&quot;unit&quot;:&quot;px&quot;,&quot;size&quot;:4,&quot;sizes&quot;:[]},&quot;background_motion_fx_scale_range&quot;:{&quot;unit&quot;:&quot;%&quot;,&quot;size&quot;:&quot;&quot;,&quot;sizes&quot;:{&quot;start&quot;:20,&quot;end&quot;:80}},&quot;background_motion_fx_devices&quot;:[&quot;desktop&quot;,&quot;tablet&quot;,&quot;mobile&quot;]}\">\n\t\t\t\t\t\t<div class=\"elementor-container elementor-column-gap-default\">\n\t\t\t\t\t<div class=\"elementor-column elementor-col-100 elementor-top-column elementor-element elementor-element-1f33436\" data-id=\"1f33436\" data-element_type=\"column\" data-e-type=\"column\">\n\t\t\t<div class=\"elementor-widget-wrap elementor-element-populated\">\n\t\t\t\t\t\t<div class=\"elementor-element elementor-element-b498f58 elementor-widget elementor-widget-image\" data-id=\"b498f58\" data-element_type=\"widget\" data-e-type=\"widget\" data-widget_type=\"image.default\">\n\t\t\t\t<div class=\"elementor-widget-container\">\n\t\t\t\t\t\t\t\t\t\t\t\t\t\t\t<img decoding=\"async\" src=\"https:\/\/www.alkuvesi.fi\/wp-content\/uploads\/elementor\/thumbs\/ikoni-qedu6rkvpnhll347sv6v7gwkkk8023zm6nd6axfm1c.png\" title=\"ikoni\" alt=\"ikoni\" loading=\"lazy\" \/>\t\t\t\t\t\t\t\t\t\t\t\t\t\t\t<\/div>\n\t\t\t\t<\/div>\n\t\t\t\t\t<\/div>\n\t\t<\/div>\n\t\t\t\t\t<\/div>\n\t\t<\/section>\n\t\t\t\t<section data-particle_enable=\"false\" data-particle-mobile-disabled=\"false\" class=\"elementor-section elementor-top-section elementor-element elementor-element-123b816 elementor-section-height-min-height elementor-section-content-middle elementor-section-boxed elementor-section-height-default elementor-section-items-middle\" data-id=\"123b816\" data-element_type=\"section\" data-e-type=\"section\" data-settings=\"{&quot;shape_divider_top&quot;:&quot;arrow&quot;}\">\n\t\t\t\t\t<div class=\"elementor-shape elementor-shape-top\" aria-hidden=\"true\" data-negative=\"false\">\n\t\t\t<svg xmlns=\"http:\/\/www.w3.org\/2000\/svg\" viewBox=\"0 0 700 10\" preserveAspectRatio=\"none\">\n\t<path class=\"elementor-shape-fill\" d=\"M350,10L340,0h20L350,10z\"\/>\n<\/svg>\t\t<\/div>\n\t\t\t\t\t<div class=\"elementor-container elementor-column-gap-default\">\n\t\t\t\t\t<div class=\"elementor-column elementor-col-100 elementor-top-column elementor-element elementor-element-c92ffc0\" data-id=\"c92ffc0\" data-element_type=\"column\" data-e-type=\"column\">\n\t\t\t<div class=\"elementor-widget-wrap elementor-element-populated\">\n\t\t\t\t\t\t<div class=\"elementor-element elementor-element-e051182 elementor-widget elementor-widget-image\" data-id=\"e051182\" data-element_type=\"widget\" data-e-type=\"widget\" data-widget_type=\"image.default\">\n\t\t\t\t<div class=\"elementor-widget-container\">\n\t\t\t\t\t\t\t\t\t\t\t\t\t\t\t<img decoding=\"async\" src=\"https:\/\/www.alkuvesi.fi\/wp-content\/uploads\/elementor\/thumbs\/alkuvesipaa-qedv8t3wejfp7zy5203uj8cxcfixig77ihcb5as9de.png\" title=\"alkuvesipaa\" alt=\"alkuvesipaa\" loading=\"lazy\" \/>\t\t\t\t\t\t\t\t\t\t\t\t\t\t\t<\/div>\n\t\t\t\t<\/div>\n\t\t\t\t\t<\/div>\n\t\t<\/div>\n\t\t\t\t\t<\/div>\n\t\t<\/section>\n\t\t\t\t<section data-particle_enable=\"false\" data-particle-mobile-disabled=\"false\" class=\"elementor-section elementor-top-section elementor-element elementor-element-fd9a8cb elementor-section-full_width elementor-section-height-min-height elementor-section-height-default elementor-section-items-middle\" data-id=\"fd9a8cb\" data-element_type=\"section\" data-e-type=\"section\" data-settings=\"{&quot;background_background&quot;:&quot;classic&quot;}\">\n\t\t\t\t\t\t<div class=\"elementor-container elementor-column-gap-no\">\n\t\t\t\t\t<div class=\"elementor-column elementor-col-50 elementor-top-column elementor-element elementor-element-3755f04\" data-id=\"3755f04\" data-element_type=\"column\" data-e-type=\"column\" data-settings=\"{&quot;background_background&quot;:&quot;classic&quot;}\">\n\t\t\t<div class=\"elementor-widget-wrap elementor-element-populated\">\n\t\t\t\t\t\t<div class=\"elementor-element elementor-element-c7aca91 elementor-widget elementor-widget-image\" data-id=\"c7aca91\" data-element_type=\"widget\" data-e-type=\"widget\" data-widget_type=\"image.default\">\n\t\t\t\t<div class=\"elementor-widget-container\">\n\t\t\t\t\t\t\t\t\t\t\t\t\t\t\t<img decoding=\"async\" src=\"https:\/\/www.alkuvesi.fi\/wp-content\/uploads\/elementor\/thumbs\/vesi_puro2-qedteo6i82blcxxvze9wxfmacmf9yniv9xeab6jqps.png\" title=\"Puhtaan veden alku\" alt=\"Puhtaan veden alku\" loading=\"lazy\" \/>\t\t\t\t\t\t\t\t\t\t\t\t\t\t\t<\/div>\n\t\t\t\t<\/div>\n\t\t\t\t\t<\/div>\n\t\t<\/div>\n\t\t\t\t<div class=\"elementor-column elementor-col-50 elementor-top-column elementor-element elementor-element-3cb2e43\" data-id=\"3cb2e43\" data-element_type=\"column\" data-e-type=\"column\" data-settings=\"{&quot;background_background&quot;:&quot;classic&quot;}\">\n\t\t\t<div class=\"elementor-widget-wrap elementor-element-populated\">\n\t\t\t\t\t\t<div class=\"elementor-element elementor-element-b5203c9 elementor-widget-tablet__width-inherit elementor-widget elementor-widget-text-editor\" data-id=\"b5203c9\" data-element_type=\"widget\" data-e-type=\"widget\" data-widget_type=\"text-editor.default\">\n\t\t\t\t<div class=\"elementor-widget-container\">\n\t\t\t\t\t\t\t\t\t<p>Kurikan Kuusistonloukon pohjavesi k\u00e4tkee sis\u00e4\u00e4ns\u00e4 ainutlaatuisen tarinan vedest\u00e4. Se saa alkunsa Kurikan korkeimman alueen rinteest\u00e4 ja sielt\u00e4 virratessaan se puhdistuu mineraalirakeiden ja kalliorakojen v\u00e4liss\u00e4 matkaten laakson syv\u00e4nteisiin. Vesi purkautuu raikkaana arteesisena pohjaveten\u00e4 maan pinnalle Lehtisen l\u00e4hteell\u00e4.<\/p><p><a href=\"https:\/\/www.alkuvesi.fi\/index.php\/veden-alkupera\/\">Lue lis\u00e4\u00e4 &gt;&gt;<\/a><\/p>\t\t\t\t\t\t\t\t<\/div>\n\t\t\t\t<\/div>\n\t\t\t\t\t<\/div>\n\t\t<\/div>\n\t\t\t\t\t<\/div>\n\t\t<\/section>\n\t\t\t\t<section data-particle_enable=\"false\" data-particle-mobile-disabled=\"false\" class=\"elementor-section elementor-top-section elementor-element elementor-element-4255ecc elementor-section-full_width elementor-section-height-default elementor-section-height-default\" data-id=\"4255ecc\" data-element_type=\"section\" data-e-type=\"section\">\n\t\t\t\t\t\t<div class=\"elementor-container elementor-column-gap-no\">\n\t\t\t\t\t<div class=\"elementor-column elementor-col-50 elementor-top-column elementor-element elementor-element-21d648d\" data-id=\"21d648d\" data-element_type=\"column\" data-e-type=\"column\" data-settings=\"{&quot;background_background&quot;:&quot;classic&quot;}\">\n\t\t\t<div class=\"elementor-widget-wrap elementor-element-populated\">\n\t\t\t\t\t\t<div class=\"elementor-element elementor-element-55383bb elementor-widget elementor-widget-text-editor\" data-id=\"55383bb\" data-element_type=\"widget\" data-e-type=\"widget\" data-widget_type=\"text-editor.default\">\n\t\t\t\t<div class=\"elementor-widget-container\">\n\t\t\t\t\t\t\t\t\t<p class=\"p1\"><strong>Alkuvesi ja sen sis\u00e4lt\u00e4m\u00e4t mineraalit<\/strong>. Kivenn\u00e4is- ja hivenaineet ovat elint\u00e4rkeit\u00e4 komponentteja kehollemme. Kuitenkin viimeisen vuosisadan aikana ravintomme on merkitt\u00e4v\u00e4sti yksipuolistunut, emmek\u00e4 saa tavanomaisesta ruoastamme en\u00e4\u00e4 kuin joitain yksitt\u00e4isi\u00e4 mineraaleja verrattuna entisaikoihin.<\/p><p><a href=\"https:\/\/www.alkuvesi.fi\/index.php\/mineraalit\/\">Lue lis\u00e4\u00e4 &gt;&gt;<\/a><\/p>\t\t\t\t\t\t\t\t<\/div>\n\t\t\t\t<\/div>\n\t\t\t\t\t<\/div>\n\t\t<\/div>\n\t\t\t\t<div class=\"elementor-column elementor-col-50 elementor-top-column elementor-element elementor-element-6fec1eb\" data-id=\"6fec1eb\" data-element_type=\"column\" data-e-type=\"column\" data-settings=\"{&quot;background_background&quot;:&quot;classic&quot;}\">\n\t\t\t<div class=\"elementor-widget-wrap elementor-element-populated\">\n\t\t\t\t\t\t<div class=\"elementor-element elementor-element-601a63a elementor-widget elementor-widget-image\" data-id=\"601a63a\" data-element_type=\"widget\" data-e-type=\"widget\" data-widget_type=\"image.default\">\n\t\t\t\t<div class=\"elementor-widget-container\">\n\t\t\t\t\t\t\t\t\t\t\t\t\t\t\t<img decoding=\"async\" src=\"https:\/\/www.alkuvesi.fi\/wp-content\/uploads\/elementor\/thumbs\/gymilla-qepst7i0kggeuwyxk215vuupsodw7hoeuy3k3t9lvk.png\" title=\"Kuntosalilla\" alt=\"Kuntosalilla\" loading=\"lazy\" \/>\t\t\t\t\t\t\t\t\t\t\t\t\t\t\t<\/div>\n\t\t\t\t<\/div>\n\t\t\t\t\t<\/div>\n\t\t<\/div>\n\t\t\t\t\t<\/div>\n\t\t<\/section>\n\t\t\t\t<section data-particle_enable=\"false\" data-particle-mobile-disabled=\"false\" class=\"elementor-section elementor-top-section elementor-element elementor-element-c139a9f elementor-section-full_width elementor-section-height-default elementor-section-height-default\" data-id=\"c139a9f\" data-element_type=\"section\" data-e-type=\"section\">\n\t\t\t\t\t\t<div class=\"elementor-container elementor-column-gap-no\">\n\t\t\t\t\t<div class=\"elementor-column elementor-col-50 elementor-top-column elementor-element elementor-element-b6d6a0d\" data-id=\"b6d6a0d\" data-element_type=\"column\" data-e-type=\"column\" data-settings=\"{&quot;background_background&quot;:&quot;classic&quot;}\">\n\t\t\t<div class=\"elementor-widget-wrap elementor-element-populated\">\n\t\t\t\t\t\t<div class=\"elementor-element elementor-element-68db5b6 elementor-widget elementor-widget-image\" data-id=\"68db5b6\" data-element_type=\"widget\" data-e-type=\"widget\" data-widget_type=\"image.default\">\n\t\t\t\t<div class=\"elementor-widget-container\">\n\t\t\t\t\t\t\t\t\t\t\t\t\t\t\t<img decoding=\"async\" src=\"https:\/\/www.alkuvesi.fi\/wp-content\/uploads\/elementor\/thumbs\/alkupullo6-qepxn1rgjefi2oggg7780zlow3jps9ta3dmdc3if40.png\" title=\"Jalleenmyyjaksi\" alt=\"Jalleenmyyjaksi\" loading=\"lazy\" \/>\t\t\t\t\t\t\t\t\t\t\t\t\t\t\t<\/div>\n\t\t\t\t<\/div>\n\t\t\t\t\t<\/div>\n\t\t<\/div>\n\t\t\t\t<div class=\"elementor-column elementor-col-50 elementor-top-column elementor-element elementor-element-62254f0\" data-id=\"62254f0\" data-element_type=\"column\" data-e-type=\"column\" data-settings=\"{&quot;background_background&quot;:&quot;classic&quot;}\">\n\t\t\t<div class=\"elementor-widget-wrap elementor-element-populated\">\n\t\t\t\t\t\t<div class=\"elementor-element elementor-element-d957576 elementor-widget-tablet__width-inherit elementor-widget elementor-widget-text-editor\" data-id=\"d957576\" data-element_type=\"widget\" data-e-type=\"widget\" data-widget_type=\"text-editor.default\">\n\t\t\t\t<div class=\"elementor-widget-container\">\n\t\t\t\t\t\t\t\t\t<p>Haluatteko olla ensimm\u00e4isten joukossa parantamassa mineraalien avulla ihmisten ja ymp\u00e4r\u00f6iv\u00e4n luomakuntamme el\u00e4m\u00e4nlaatua?\u00a0Muutetaan maailmaa paremmaksi yhdess\u00e4 \u2013 yksi puuttuva palanen kerrallaan.<\/p><p><a href=\"https:\/\/www.alkuvesi.fi\/index.php\/jalleenmyyjaksi\/\">Tule j\u00e4lleenmyyj\u00e4ksi &gt;&gt;<\/a><\/p>\t\t\t\t\t\t\t\t<\/div>\n\t\t\t\t<\/div>\n\t\t\t\t\t<\/div>\n\t\t<\/div>\n\t\t\t\t\t<\/div>\n\t\t<\/section>\n\t\t\t\t<\/div>\n\t\t","protected":false},"excerpt":{"rendered":"<p>Kurikan Kuusistonloukon pohjavesi k\u00e4tkee sis\u00e4\u00e4ns\u00e4 ainutlaatuisen tarinan vedest\u00e4. Se saa alkunsa Kurikan korkeimman alueen rinteest\u00e4 ja sielt\u00e4 virratessaan se puhdistuu mineraalirakeiden ja kalliorakojen v\u00e4liss\u00e4 matkaten laakson syv\u00e4nteisiin. Vesi purkautuu raikkaana arteesisena pohjaveten\u00e4 maan pinnalle Lehtisen l\u00e4hteell\u00e4. Lue lis\u00e4\u00e4 &gt;&gt; Alkuvesi ja sen sis\u00e4lt\u00e4m\u00e4t mineraalit. Kivenn\u00e4is- ja hivenaineet ovat elint\u00e4rkeit\u00e4 komponentteja kehollemme. Kuitenkin viimeisen vuosisadan aikana [&hellip;]<\/p>\n","protected":false},"author":1,"featured_media":0,"parent":0,"menu_order":0,"comment_status":"closed","ping_status":"closed","template":"elementor_header_footer","meta":{"footnotes":""},"class_list":["post-7","page","type-page","status-publish","hentry"],"_links":{"self":[{"href":"https:\/\/www.alkuvesi.fi\/index.php\/wp-json\/wp\/v2\/pages\/7","targetHints":{"allow":["GET"]}}],"collection":[{"href":"https:\/\/www.alkuvesi.fi\/index.php\/wp-json\/wp\/v2\/pages"}],"about":[{"href":"https:\/\/www.alkuvesi.fi\/index.php\/wp-json\/wp\/v2\/types\/page"}],"author":[{"embeddable":true,"href":"https:\/\/www.alkuvesi.fi\/index.php\/wp-json\/wp\/v2\/users\/1"}],"replies":[{"embeddable":true,"href":"https:\/\/www.alkuvesi.fi\/index.php\/wp-json\/wp\/v2\/comments?post=7"}],"version-history":[{"count":350,"href":"https:\/\/www.alkuvesi.fi\/index.php\/wp-json\/wp\/v2\/pages\/7\/revisions"}],"predecessor-version":[{"id":789,"href":"https:\/\/www.alkuvesi.fi\/index.php\/wp-json\/wp\/v2\/pages\/7\/revisions\/789"}],"wp:attachment":[{"href":"https:\/\/www.alkuvesi.fi\/index.php\/wp-json\/wp\/v2\/media?parent=7"}],"curies":[{"name":"wp","href":"https:\/\/api.w.org\/{rel}","templated":true}]}}