{"id":463,"date":"2023-11-01T11:00:16","date_gmt":"2023-11-01T11:00:16","guid":{"rendered":"https:\/\/www.alkuvesi.fi\/?page_id=463"},"modified":"2023-11-06T19:45:46","modified_gmt":"2023-11-06T19:45:46","slug":"mineraalit","status":"publish","type":"page","link":"https:\/\/www.alkuvesi.fi\/index.php\/mineraalit\/","title":{"rendered":"Mineraalit"},"content":{"rendered":"\t\t<div data-elementor-type=\"wp-page\" data-elementor-id=\"463\" class=\"elementor elementor-463\" data-elementor-post-type=\"page\">\n\t\t\t\t\t\t<section data-particle_enable=\"false\" data-particle-mobile-disabled=\"false\" class=\"elementor-section elementor-top-section elementor-element elementor-element-3d234c6 elementor-section-full_width elementor-section-height-min-height elementor-section-height-default elementor-section-items-middle\" data-id=\"3d234c6\" data-element_type=\"section\" data-e-type=\"section\" data-settings=\"{&quot;background_background&quot;:&quot;classic&quot;}\">\n\t\t\t\t\t\t<div class=\"elementor-container elementor-column-gap-default\">\n\t\t\t\t\t<div class=\"elementor-column elementor-col-100 elementor-top-column elementor-element elementor-element-87cf193\" data-id=\"87cf193\" data-element_type=\"column\" data-e-type=\"column\">\n\t\t\t<div class=\"elementor-widget-wrap elementor-element-populated\">\n\t\t\t\t\t\t<div class=\"elementor-element elementor-element-ef8206a elementor-widget elementor-widget-image\" data-id=\"ef8206a\" data-element_type=\"widget\" data-e-type=\"widget\" data-widget_type=\"image.default\">\n\t\t\t\t<div class=\"elementor-widget-container\">\n\t\t\t\t\t\t\t\t\t\t\t\t\t\t\t<img decoding=\"async\" src=\"https:\/\/www.alkuvesi.fi\/wp-content\/uploads\/elementor\/thumbs\/alkulogo4-qeq49csf8alu5wa2whhs317pibm6g2xvefdidolcsg.png\" title=\"alkulogo4\" alt=\"alkulogo4\" loading=\"lazy\" \/>\t\t\t\t\t\t\t\t\t\t\t\t\t\t\t<\/div>\n\t\t\t\t<\/div>\n\t\t\t\t\t<\/div>\n\t\t<\/div>\n\t\t\t\t\t<\/div>\n\t\t<\/section>\n\t\t\t\t<section data-particle_enable=\"false\" data-particle-mobile-disabled=\"false\" class=\"elementor-section elementor-top-section elementor-element elementor-element-f8c4232 elementor-section-boxed elementor-section-height-default elementor-section-height-default\" data-id=\"f8c4232\" data-element_type=\"section\" data-e-type=\"section\">\n\t\t\t\t\t\t<div class=\"elementor-container elementor-column-gap-default\">\n\t\t\t\t\t<div class=\"elementor-column elementor-col-50 elementor-top-column elementor-element elementor-element-cb0220b\" data-id=\"cb0220b\" data-element_type=\"column\" data-e-type=\"column\">\n\t\t\t<div class=\"elementor-widget-wrap elementor-element-populated\">\n\t\t\t\t\t\t<div class=\"elementor-element elementor-element-079e6d2 elementor-widget elementor-widget-heading\" data-id=\"079e6d2\" data-element_type=\"widget\" data-e-type=\"widget\" data-widget_type=\"heading.default\">\n\t\t\t\t<div class=\"elementor-widget-container\">\n\t\t\t\t\t<h2 class=\"elementor-heading-title elementor-size-default\">ALKUVESI ja MINERAALIT<\/h2>\t\t\t\t<\/div>\n\t\t\t\t<\/div>\n\t\t\t\t<div class=\"elementor-element elementor-element-b153851 elementor-widget elementor-widget-text-editor\" data-id=\"b153851\" data-element_type=\"widget\" data-e-type=\"widget\" data-widget_type=\"text-editor.default\">\n\t\t\t\t<div class=\"elementor-widget-container\">\n\t\t\t\t\t\t\t\t\t<p class=\"p1\"><strong>Alkuvesi on elektrolyyttijuoma, joka sis\u00e4lt\u00e4\u00e4 72 hiven- ja kivenn\u00e4isainetta. Mineraalit, eli kivenn\u00e4is- ja hivenaineet ovat elint\u00e4rkeit\u00e4 komponentteja kehollemme, jotta elintoimintomme voisivat toimia mahdollisimman optimaalisesti ja siten yll\u00e4pit\u00e4\u00e4 terveytt\u00e4mme.<\/strong><\/p><p><strong>ONGELMA<\/strong><\/p><p class=\"p1\">Kuitenkin viimeisen vuosisadan aikana ravintomme on merkitt\u00e4v\u00e4sti yksipuolistunut ja se on helppo havaita esimerkiksi nykyaikaisen standardiruokavalion mineraalikoostumusta tarkastelemalla. Emme saa tavanomaisesta ruoastamme en\u00e4\u00e4 kuin joitain yksitt\u00e4isi\u00e4 mineraaleja verrattuna entisaikoihin. Syyn\u00e4 on muun muassa tehotuotanto ja siihen kuuluvat yksipuoliset lannoitteet, jotka auttavat kyll\u00e4 kasveja kasvamaan, mutta josta puuttuu runsaasti el\u00e4m\u00e4llemme essentiaaleja t\u00e4rkeit\u00e4 komponentteja \u2013 erityisesti hivenaineita.<\/p><p class=\"p1\">Tyypilliset NPK-lannoitteet sis\u00e4lt\u00e4v\u00e4t vain muutaman hassun mineraalin \u2013 parhaimmillaankin vain noin 10. N\u00e4in ollen kasvit kasvavat ja suurpiirteisesti kaikki n\u00e4ytt\u00e4\u00e4 hyv\u00e4lt\u00e4 \u2013 kunnes l\u00e4hdemme tarkastelemaan kokonaisuutta tarkemmin. Uupuvat mineraalit vaikuttavat kasvien vastustuskyky\u00e4 alentavasti ja siten viljelij\u00e4t joutuvat k\u00e4ytt\u00e4m\u00e4\u00e4n runsaasti tuholaismyrkkyj\u00e4 sek\u00e4 kasvinsuojeluaineita, jotta sato olisi kannattavalla tasolla. T\u00e4m\u00e4 ei koske pelk\u00e4st\u00e4\u00e4n toki kasveja, vaan ongelmat kumuloituvat sittemmin my\u00f6s ravintoketjun huipulla oleviin ihmisiin.<\/p><p class=\"p1\">Uusimpien tutkimusten mukaan ihmisen kuuluisi saada yli 70 mineraalia ruokavaliostaan. Tehotuotannon aikaansaama \u201cravinnek\u00f6yhdytys\u201d kuitenkin est\u00e4\u00e4 merkitt\u00e4v\u00e4sti etenkin harvinaisempien mineraalien saantia ja t\u00e4m\u00e4 n\u00e4kyy kasvavina kroonisina sairauksina, allergioina, masennuksena ja muina kroonisina yleisin\u00e4 terveysongelmina.<\/p><p class=\"p1\"><strong>RATKAISU<\/strong><\/p><p class=\"p2\">Alku Minerals on tuonut markkinoille t\u00e4ysin luonnollisen, yli 72 mineraalia sis\u00e4lt\u00e4v\u00e4n mineraaliuutteen. Sit\u00e4 voidaan k\u00e4ytt\u00e4\u00e4 ravintolisiss\u00e4 tai osana oikeastaan mit\u00e4 tahansa valmisruoka- ja juomatuotetta. T\u00e4h\u00e4n asti kyseinen mineraaliuute on ollut vain harvojen ja valittujen elektrolyytti- ja urheilujuomajauheiden \u201csalainen\u201d ainesosa.<\/p><p class=\"p2\">Nyt on aika tuoda mineraalit, n\u00e4m\u00e4 ihmisen elimist\u00f6n puuttuvat palaset takaisin ruokavalioomme \u2013 mit\u00e4 herkullisemmalla tavalla.<\/p><p class=\"p2\">Alku Mineralsin mineraaliuute ei pelk\u00e4st\u00e4\u00e4n tee ruoasta ravinnerikkaampaa, vaan se toimii my\u00f6s t\u00e4ysin luontaisena aromivahventeena ja sill\u00e4 on my\u00f6s s\u00e4il\u00f6nt\u00e4\u00e4 parantavia ominaisuuksia. Mik\u00e4p\u00e4s siis sen parempaa, kuin vied\u00e4 ruokatuotteiden ravinnerikkaus T\u00c4YSIN uudelle tasolle ja samalla tuoda teknist\u00e4 apua sek\u00e4 parempaa makua itse tuotteeseen \u2013 t\u00e4ysin ilman kompromisseja.<\/p><p class=\"p1\"><strong>ONGELMIEN RATKAISU KERTALAAKISTA<\/strong><\/p><ol><li class=\"p1\">Ihmiset k\u00e4rsiv\u00e4t kroonisesta mineraalien puutoksesta. T\u00e4m\u00e4 aikaansaa kroonisia terveysongelmia. Harva jaksaa sy\u00f6d\u00e4 ravintolisi\u00e4 ja sen vuoksi n\u00e4m\u00e4 \u2018puuttuvat palaset\u2019 olisi j\u00e4rkev\u00e4\u00e4 tuoda takaisin jokap\u00e4iv\u00e4iseen ruokavalioomme.<\/li><li class=\"p1\">Kun tavanomaisia ruokia sek\u00e4 elintarvikkeita \u2018rikastetaan\u2019 t\u00e4ysin luonnollisella mineraaliuuttella, ruoan ravinnerikkaus nousee uudelle tasolle samalla, kun maku ja s\u00e4ilyvyys paranee \u2013 t\u00e4ysin luonnollisesti.<\/li><li class=\"p1\">Ihmisten mineraalipuutokset korjaantuvat mit\u00e4 herkullisemmalla tavalla ihan vain sy\u00f6m\u00e4ll\u00e4 tuttuja ruokia sek\u00e4 elintarvikkeita, joihin n\u00e4m\u00e4 \u2018puuttuvat palaset\u2019 ollaan ymp\u00e4tty takaisin.<\/li><li class=\"p2\">Ihmiset voivat yleisesti paremmin, kun ruokavalioon on tullut takaisin pitk\u00e4\u00e4n poissaolollaan loistaneet mineraalit. Hippokrateen kuuluisa lainaus \u201cRuoka olkoon l\u00e4\u00e4kkeesi ja l\u00e4\u00e4ke ruokasi\u201d alkaa saada taas konkreettisemman merkityksen taustalleen.<\/li><\/ol>\t\t\t\t\t\t\t\t<\/div>\n\t\t\t\t<\/div>\n\t\t\t\t\t<\/div>\n\t\t<\/div>\n\t\t\t\t<div class=\"elementor-column elementor-col-50 elementor-top-column elementor-element elementor-element-939e987\" data-id=\"939e987\" data-element_type=\"column\" data-e-type=\"column\">\n\t\t\t<div class=\"elementor-widget-wrap elementor-element-populated\">\n\t\t\t\t\t\t<div class=\"elementor-element elementor-element-f462815 elementor-widget elementor-widget-image\" data-id=\"f462815\" data-element_type=\"widget\" data-e-type=\"widget\" data-widget_type=\"image.default\">\n\t\t\t\t<div class=\"elementor-widget-container\">\n\t\t\t\t\t\t\t\t\t\t\t\t\t\t\t<img fetchpriority=\"high\" decoding=\"async\" width=\"800\" height=\"608\" src=\"https:\/\/www.alkuvesi.fi\/wp-content\/uploads\/2023\/11\/Pullo_kaato.jpg\" class=\"attachment-large size-large wp-image-476\" alt=\"\" srcset=\"https:\/\/www.alkuvesi.fi\/wp-content\/uploads\/2023\/11\/Pullo_kaato.jpg 800w, https:\/\/www.alkuvesi.fi\/wp-content\/uploads\/2023\/11\/Pullo_kaato-300x228.jpg 300w, https:\/\/www.alkuvesi.fi\/wp-content\/uploads\/2023\/11\/Pullo_kaato-768x584.jpg 768w\" sizes=\"(max-width: 800px) 100vw, 800px\" \/>\t\t\t\t\t\t\t\t\t\t\t\t\t\t\t<\/div>\n\t\t\t\t<\/div>\n\t\t\t\t<div class=\"elementor-element elementor-element-cc02370 elementor-widget elementor-widget-text-editor\" data-id=\"cc02370\" data-element_type=\"widget\" data-e-type=\"widget\" data-widget_type=\"text-editor.default\">\n\t\t\t\t<div class=\"elementor-widget-container\">\n\t\t\t\t\t\t\t\t\t<p class=\"p1\"><strong>MINERAALIUUTTEEN KOOSTUMUS<\/strong><\/p><p class=\"p2\">Tuote sis\u00e4lt\u00e4\u00e4 yhden ainoan varsinaisen ainesosan; <strong>natriumk\u00f6yhdytetty ja suodatettu suuren suolaj\u00e4rven vesi<\/strong> (saatavilla sek\u00e4 nestem\u00e4isen\u00e4 ett\u00e4 kuivattuna versiona).<\/p><p class=\"p2\">Magnesiumin, kaliumin, fosforin, kloridin sek\u00e4 boorin lis\u00e4ksi tuote sis\u00e4lt\u00e4\u00e4 hivenm\u00e4\u00e4ri\u00e4 seuraavia luonnossa esiintyvi\u00e4 mineraaleja eli <strong>alkuaineita<\/strong>: bromidi, karbonaatti, kalsium, pii, typpi, seleeni, fosfori, jodidi, kromi, mangaani, titaani, rubidium, kobolti, kupari, antimoni, molybdeeni, natrium, strontium, sinkki, nikkeli, volframi, germanium, skandium, vanadium, telluuri, tina, lantaani, yttrium, hopea, gallium vismutti, zirkonium, cerium, cesium, kulta, beryllium, hafnium, samarium, terbium, europium, gadolinium dysprosium, torium, holmium, lutetium, erbium, ytterbium, neodyymi, praseodyymi, niobium, tantaali, tallium, renium, indium, palladium sek\u00e4 muita luonnontilaisessa, puhtaassa sis\u00e4merivedess\u00e4 esiintyvi\u00e4 alkuaineita. Vegaaninen tuote.<\/p><p class=\"p1\"><strong>MITEN MINERAALIUUTE VALMISTETAAN?<\/strong><\/p><p class=\"p2\">Mineraaliuutteemme ei ole varsinaisesti tuote, jonka valmistamme itse tai edes kumppanimme avustuksella. Se on oikeastaan luonnon itsens\u00e4 valmistama, yli 72 ionisen hivenaineen kompleksi.<\/p><p class=\"p2\">Vuosituhansien aikana jokainen it\u00e4v\u00e4 siemen ja kasvava puu on auttanut liuottamaan mineraaleja maaper\u00e4st\u00e4, josta ne huuhtoutuvat helposti pois. Kuitenkin osa mineraaleista p\u00e4\u00e4tyy jokien ja purojen kautta valtameriin ja suuriin vanhoihin sis\u00e4meriin. Paikka josta ker\u00e4\u00e4mme mineraalimme on ainutlaatuinen, sill\u00e4 sill\u00e4 ei ole ulosvirtausta lainkaan ja se luokitellaan sis\u00e4mereksi. T\u00e4m\u00e4n ansiosta siihen kumuloituu runsaasti mineraaleja ja mineraalien ker\u00e4\u00e4minen on ekologisinta mahdollista, koska ne eiv\u00e4t koskaan tule loppumaan kesken nettopositiivisen kumulaationsa ansiosta.<\/p><p class=\"p1\">Kumppanimme ker\u00e4\u00e4 yksinkertaisesti n\u00e4m\u00e4 mineraalit sis\u00e4meren koskemattomilta rannoilta luonnonsuojelualueella modernissa mineraalien ker\u00e4yslaitoksessamme. Itse mineraaleja ei louhita mitenk\u00e4\u00e4n, eik\u00e4 uuttemme tuotannossa k\u00e4ytet\u00e4 varsinaisessa valmistusvaiheessa edes s\u00e4hk\u00f6\u00e4. Sis\u00e4merivesi ker\u00e4t\u00e4\u00e4n omiin altaisiin, josta auringon l\u00e4mp\u00f6energian avulla haihdutetaan ylim\u00e4\u00e4r\u00e4inen vesi pois. T\u00e4m\u00e4n j\u00e4lkeen konsentroitunut mineraaliuute ultrasuodatetaan, jotta siin\u00e4 ei olisi isompia partikkeleita eik\u00e4 mit\u00e4\u00e4n siihen kuulumatonta ylim\u00e4\u00e4r\u00e4ist\u00e4.<\/p><p class=\"p1\">Viimeisess\u00e4 vaiheessa jokainen tuotantoer\u00e4 <strong>testautetaan<\/strong> viel\u00e4 ulkopuolisen akkreditoidun laboratorion toimesta. T\u00e4ten taataan tuotteen turvallisuus ja standardinomainen koostumus.<\/p><p class=\"p1\">Mineraaliuutteen valmistusprosessi on niin ekologinen ja puhdas, kuin ikin\u00e4 suinkin mahdollista. Kyseess\u00e4 on ylivoimaisesti ekologisin ja puhtain mahdollinen mineraaliuute koko maailmassa. Siksi valitsimmekin sen ja p\u00e4\u00e4timme, ett\u00e4 nyt on aika remineralisoida koko maailma ja siten parantaa sek\u00e4 ihmisten, ett\u00e4 koko ymp\u00e4r\u00f6iv\u00e4n luomakuntamme el\u00e4m\u00e4nlaatua &#8211; <strong>kest\u00e4vimm\u00e4ll\u00e4 mahdollisella pohjalla.<\/strong><\/p>\t\t\t\t\t\t\t\t<\/div>\n\t\t\t\t<\/div>\n\t\t\t\t\t<\/div>\n\t\t<\/div>\n\t\t\t\t\t<\/div>\n\t\t<\/section>\n\t\t\t\t<section data-particle_enable=\"false\" data-particle-mobile-disabled=\"false\" class=\"elementor-section elementor-top-section elementor-element elementor-element-39949d5 elementor-section-boxed elementor-section-height-default elementor-section-height-default\" data-id=\"39949d5\" data-element_type=\"section\" data-e-type=\"section\">\n\t\t\t\t\t\t<div class=\"elementor-container elementor-column-gap-default\">\n\t\t\t\t\t<div class=\"elementor-column elementor-col-100 elementor-top-column elementor-element elementor-element-0c51d4d\" data-id=\"0c51d4d\" data-element_type=\"column\" data-e-type=\"column\">\n\t\t\t<div class=\"elementor-widget-wrap elementor-element-populated\">\n\t\t\t\t\t\t<div class=\"elementor-element elementor-element-2faba0a elementor-widget elementor-widget-image\" data-id=\"2faba0a\" data-element_type=\"widget\" data-e-type=\"widget\" data-widget_type=\"image.default\">\n\t\t\t\t<div class=\"elementor-widget-container\">\n\t\t\t\t\t\t\t\t\t\t\t\t\t\t\t<img decoding=\"async\" src=\"https:\/\/www.alkuvesi.fi\/wp-content\/uploads\/elementor\/thumbs\/alkuvesipala-qepvk0bi8oa865j4wa5dmwuzxihq8n0yl660b32mio.png\" title=\"alkuvesipala\" alt=\"alkuvesipala\" loading=\"lazy\" \/>\t\t\t\t\t\t\t\t\t\t\t\t\t\t\t<\/div>\n\t\t\t\t<\/div>\n\t\t\t\t\t<\/div>\n\t\t<\/div>\n\t\t\t\t\t<\/div>\n\t\t<\/section>\n\t\t\t\t<\/div>\n\t\t","protected":false},"excerpt":{"rendered":"<p>ALKUVESI ja MINERAALIT Alkuvesi on elektrolyyttijuoma, joka sis\u00e4lt\u00e4\u00e4 72 hiven- ja kivenn\u00e4isainetta. Mineraalit, eli kivenn\u00e4is- ja hivenaineet ovat elint\u00e4rkeit\u00e4 komponentteja kehollemme, jotta elintoimintomme voisivat toimia mahdollisimman optimaalisesti ja siten yll\u00e4pit\u00e4\u00e4 terveytt\u00e4mme. ONGELMA Kuitenkin viimeisen vuosisadan aikana ravintomme on merkitt\u00e4v\u00e4sti yksipuolistunut ja se on helppo havaita esimerkiksi nykyaikaisen standardiruokavalion mineraalikoostumusta tarkastelemalla. Emme saa tavanomaisesta ruoastamme en\u00e4\u00e4 [&hellip;]<\/p>\n","protected":false},"author":1,"featured_media":0,"parent":0,"menu_order":0,"comment_status":"closed","ping_status":"closed","template":"elementor_header_footer","meta":{"footnotes":""},"class_list":["post-463","page","type-page","status-publish","hentry"],"_links":{"self":[{"href":"https:\/\/www.alkuvesi.fi\/index.php\/wp-json\/wp\/v2\/pages\/463","targetHints":{"allow":["GET"]}}],"collection":[{"href":"https:\/\/www.alkuvesi.fi\/index.php\/wp-json\/wp\/v2\/pages"}],"about":[{"href":"https:\/\/www.alkuvesi.fi\/index.php\/wp-json\/wp\/v2\/types\/page"}],"author":[{"embeddable":true,"href":"https:\/\/www.alkuvesi.fi\/index.php\/wp-json\/wp\/v2\/users\/1"}],"replies":[{"embeddable":true,"href":"https:\/\/www.alkuvesi.fi\/index.php\/wp-json\/wp\/v2\/comments?post=463"}],"version-history":[{"count":35,"href":"https:\/\/www.alkuvesi.fi\/index.php\/wp-json\/wp\/v2\/pages\/463\/revisions"}],"predecessor-version":[{"id":678,"href":"https:\/\/www.alkuvesi.fi\/index.php\/wp-json\/wp\/v2\/pages\/463\/revisions\/678"}],"wp:attachment":[{"href":"https:\/\/www.alkuvesi.fi\/index.php\/wp-json\/wp\/v2\/media?parent=463"}],"curies":[{"name":"wp","href":"https:\/\/api.w.org\/{rel}","templated":true}]}}