{"id":168,"date":"2023-09-18T15:40:57","date_gmt":"2023-09-18T15:40:57","guid":{"rendered":"https:\/\/www.alkuvesi.fi\/?page_id=168"},"modified":"2024-01-25T15:05:29","modified_gmt":"2024-01-25T15:05:29","slug":"veden-alkupera","status":"publish","type":"page","link":"https:\/\/www.alkuvesi.fi\/index.php\/veden-alkupera\/","title":{"rendered":"Veden alkuper\u00e4"},"content":{"rendered":"\t\t<div data-elementor-type=\"wp-page\" data-elementor-id=\"168\" class=\"elementor elementor-168\" data-elementor-post-type=\"page\">\n\t\t\t\t\t\t<section data-particle_enable=\"false\" data-particle-mobile-disabled=\"false\" class=\"elementor-section elementor-top-section elementor-element elementor-element-c66da76 elementor-section-full_width elementor-section-height-min-height elementor-section-height-default elementor-section-items-middle\" data-id=\"c66da76\" data-element_type=\"section\" data-e-type=\"section\" data-settings=\"{&quot;background_background&quot;:&quot;classic&quot;}\">\n\t\t\t\t\t\t<div class=\"elementor-container elementor-column-gap-default\">\n\t\t\t\t\t<div class=\"elementor-column elementor-col-100 elementor-top-column elementor-element elementor-element-ceb5a81\" data-id=\"ceb5a81\" data-element_type=\"column\" data-e-type=\"column\">\n\t\t\t<div class=\"elementor-widget-wrap elementor-element-populated\">\n\t\t\t\t\t\t<div class=\"elementor-element elementor-element-7c8304b elementor-widget elementor-widget-image\" data-id=\"7c8304b\" data-element_type=\"widget\" data-e-type=\"widget\" data-widget_type=\"image.default\">\n\t\t\t\t<div class=\"elementor-widget-container\">\n\t\t\t\t\t\t\t\t\t\t\t\t\t\t\t<img decoding=\"async\" src=\"https:\/\/www.alkuvesi.fi\/wp-content\/uploads\/elementor\/thumbs\/alkulogo4-qeq49csf8alu5wa2whhs317pibm6g2xvefdidolcsg.png\" title=\"alkulogo4\" alt=\"alkulogo4\" loading=\"lazy\" \/>\t\t\t\t\t\t\t\t\t\t\t\t\t\t\t<\/div>\n\t\t\t\t<\/div>\n\t\t\t\t\t<\/div>\n\t\t<\/div>\n\t\t\t\t\t<\/div>\n\t\t<\/section>\n\t\t\t\t<section data-particle_enable=\"false\" data-particle-mobile-disabled=\"false\" class=\"elementor-section elementor-top-section elementor-element elementor-element-1abbfb4 elementor-section-boxed elementor-section-height-default elementor-section-height-default\" data-id=\"1abbfb4\" data-element_type=\"section\" data-e-type=\"section\">\n\t\t\t\t\t\t<div class=\"elementor-container elementor-column-gap-default\">\n\t\t\t\t\t<div class=\"elementor-column elementor-col-50 elementor-top-column elementor-element elementor-element-7459352\" data-id=\"7459352\" data-element_type=\"column\" data-e-type=\"column\">\n\t\t\t<div class=\"elementor-widget-wrap elementor-element-populated\">\n\t\t\t\t\t\t<div class=\"elementor-element elementor-element-cb4a0be elementor-widget elementor-widget-heading\" data-id=\"cb4a0be\" data-element_type=\"widget\" data-e-type=\"widget\" data-widget_type=\"heading.default\">\n\t\t\t\t<div class=\"elementor-widget-container\">\n\t\t\t\t\t<h2 class=\"elementor-heading-title elementor-size-default\">KURIKAN KUUSISTONLOUKKO\n<\/h2>\t\t\t\t<\/div>\n\t\t\t\t<\/div>\n\t\t\t\t<div class=\"elementor-element elementor-element-993a3be elementor-widget elementor-widget-heading\" data-id=\"993a3be\" data-element_type=\"widget\" data-e-type=\"widget\" data-widget_type=\"heading.default\">\n\t\t\t\t<div class=\"elementor-widget-container\">\n\t\t\t\t\t<h2 class=\"elementor-heading-title elementor-size-default\">- Suomen puhtainta vett\u00e4!<\/h2>\t\t\t\t<\/div>\n\t\t\t\t<\/div>\n\t\t\t\t<div class=\"elementor-element elementor-element-eff7650 elementor-widget elementor-widget-text-editor\" data-id=\"eff7650\" data-element_type=\"widget\" data-e-type=\"widget\" data-widget_type=\"text-editor.default\">\n\t\t\t\t<div class=\"elementor-widget-container\">\n\t\t\t\t\t\t\t\t\t<p>Kurikan paksun savimaan alla, maailman vanhimmassa (1,5 miljardia vuotta vanhassa) laaksossa on poikkeuksellisen valtava pohjavesiesiintym\u00e4, josta pulppuaa maan pinnalle Suomen puhtainta vett\u00e4. Sit\u00e4 on tutkittu yli kymmenen vuoden ajan ja tutkimukset jatkuvat.<\/p><p>Kurikan maaper\u00e4 on hyvin savinen, joka aiheuttaa ongelmia esimerkiksi rakennuksille. Mutta paksusta savikerroksesta on hy\u00f6ty\u00e4 pohjavedelle, koska maan pinnalta suodattuvat ep\u00e4puhtaudet eiv\u00e4t p\u00e4\u00e4se savi-silttikerroksen l\u00e4pi vaikuttamaan syv\u00e4pohjaveden laatuun.\u00a0<\/p><p>Vuonna 2010 Geologian tutkimuskeskus GTK aloitti yhdess\u00e4 Kurikan vesihuollon kanssa koeporauksia Kuusistonloukossa, ja jo ensimm\u00e4isiss\u00e4 porauksissa huomattiin, ettei kyseess\u00e4 olekaan aivan tavallinen pohjavesialue.<\/p><p><strong>Mist\u00e4 vesi tulee?<\/strong><\/p><p>Kakkurin l\u00e4hteill\u00e4 Kurikassa vesi pulppuaa moreenin ja saven l\u00e4pi poratusta rei\u00e4st\u00e4 luonnollisesti omalla paineella. Porattuja pohjaveden havaintoputkia on tehty Kurikan ymp\u00e4rist\u00f6\u00f6n yli 200 kappaletta. Tutkimusten tarkoitus on selvitt\u00e4\u00e4 muun muassa se, kuinka laaja syv\u00e4pohjavesiesiintym\u00e4 todellisuudessa on ja mink\u00e4 verran vett\u00e4 voidaan kest\u00e4v\u00e4sti kuluttaa ja hy\u00f6dynt\u00e4\u00e4.<\/p><p>Koska savikerros ei l\u00e4p\u00e4ise vett\u00e4, suoraan maan p\u00e4\u00e4lle satava vesi ei kerry esiintym\u00e4\u00e4n normaalisti. Veden oletetaankin laskeutuvan Lehtivuoren alueelta, joka on yli 190 metri\u00e4 merenpintaa korkeammalla. Otollisen maaper\u00e4n vuoksi vesi virtaa alas laaksoon sopivien sedimenttien, hiekka- ja sorakerrosten l\u00e4pi, joihin se my\u00f6s varastoituu.<\/p><p>GTK:n erikoistutkija Niko Putkinen kertoo, ett\u00e4 t\u00e4t\u00e4 pohjavesiesiintym\u00e4\u00e4 voidaan kutsua geologiseksi ihmeeksi.<br \/>\u2013 Savikoitten alla on vanha syv\u00e4ksi kulunut kallioper\u00e4n ruhjesysteemi, joka on t\u00e4yttynyt j\u00e4\u00e4kausien aikaan sopivilla sedimenteill\u00e4. Ja nimenomaan pohjavesi\u00e4 ajatellen sopivilla sedimenteill\u00e4, eli siell\u00e4 on hiekkaa ja soraa, joihin vett\u00e4 voi varastoitua, GTK:n tutkija Putkinen kuvailee YLEn tekem\u00e4ss\u00e4 haastattelussa.<\/p><p><strong>Miksi vesi kiinnostaa?<\/strong><\/p><p>Kurikan pohjavesiesiintym\u00e4 on ainutlaatuinen, koska toista samanlaista yht\u00e4 laajaa kalliopainanteisiin syntynytt\u00e4 pohjavesiesiintym\u00e4\u00e4 ei ole Suomessa tai muualla tavattu. Vett\u00e4 maaper\u00e4n kerrostumissa on paljon ja t\u00e4ll\u00e4 hetkell\u00e4 tutkittavan alueen koko on noin 15 x 25 kilometri\u00e4.<\/p><p>Pohjaveden pintaa tarkkailevat havaintoputket ylt\u00e4v\u00e4t syvimmill\u00e4\u00e4n l\u00e4hes 130 metriin saakka kalliovarmistuksen kanssa. Jokaiseen kairareik\u00e4\u00e4n asennettu havaintoputki varustellaan antureilla, jotka hoitavat mittausj\u00e4rjestelyn, tietojen tallennuksen ja l\u00e4hetyksen langattomasti tietokantoihin.<\/p><p>Yhteisty\u00f6t\u00e4 suomalaiset geologit tekev\u00e4t tekniikan suhteen brittil\u00e4isten kollegojen kanssa, ja siksi esimerkiksi BBC on k\u00e4ynyt tutustumassa Kurikan tilanteeseen jokunen vuosi sitten.<\/p>\t\t\t\t\t\t\t\t<\/div>\n\t\t\t\t<\/div>\n\t\t\t\t<div class=\"elementor-element elementor-element-78b0278 elementor-widget elementor-widget-text-editor\" data-id=\"78b0278\" data-element_type=\"widget\" data-e-type=\"widget\" data-widget_type=\"text-editor.default\">\n\t\t\t\t<div class=\"elementor-widget-container\">\n\t\t\t\t\t\t\t\t\t<p>_______<br \/>LINKIT:<\/p><p><a href=\"https:\/\/www.vaasainsider.fi\/fi\/koulutus-tutkimus\/kurikan-poikkeuksellinen-pohjavesiesiintyma-herattaa-suurta-mielenkiintoa-suunnitteilla-uusi-hydrogeologinen-tutkimusinstituutti\/\">Vaasainsider: Kurikan poikkeuksellinen pohjavesiesiintym\u00e4 her\u00e4tt\u00e4\u00e4\u00a0 suurta mielenkiintoa &gt;&gt;<\/a><br \/><a href=\"https:\/\/yle.fi\/a\/3-7695380\">YLE: Raikas pohjavesi virtaa maan uumenista &gt;&gt;<\/a><br \/><a href=\"https:\/\/yle.fi\/a\/3-10954608\">YLE: Kurikan paksun savimaan alla lep\u00e4\u00e4 geologinen ihme&gt;&gt;<\/a><br \/><a href=\"https:\/\/yle.fi\/a\/74-20044495\">YLE: Pohjavesiesiintym\u00e4, joka on kenties jopa Pohjoismaiden suurin &gt;&gt;<\/a><br \/><a href=\"https:\/\/www.gtk.fi\/tutkimusprojekti\/kurikan-5-ja-6-syvapohjavesiprojektin-kuvaus\/\">GTK: Kurikan syv\u00e4pohjavesihanke &gt;&gt;<\/a><br \/><a href=\"https:\/\/www.kurikkanyt.fi\/paakirjoitus\/kurikan-ainutlaatuinen-pohjavesiesiintyma-ja-tulevaisuuden-visiot-tutustuttavana-wasa-future-festivalin-yhteydessa\/\">KURIKKA NYT: Kurikan ainutlaatuinen pohjavesiesiintym\u00e4 ja tulevaisuuden visiot &gt;&gt;<\/a><\/p>\t\t\t\t\t\t\t\t<\/div>\n\t\t\t\t<\/div>\n\t\t\t\t\t<\/div>\n\t\t<\/div>\n\t\t\t\t<div class=\"elementor-column elementor-col-50 elementor-top-column elementor-element elementor-element-a66dd03\" data-id=\"a66dd03\" data-element_type=\"column\" data-e-type=\"column\">\n\t\t\t<div class=\"elementor-widget-wrap elementor-element-populated\">\n\t\t\t\t\t\t<div class=\"elementor-element elementor-element-f76b1d0 elementor-widget elementor-widget-image\" data-id=\"f76b1d0\" data-element_type=\"widget\" data-e-type=\"widget\" data-widget_type=\"image.default\">\n\t\t\t\t<div class=\"elementor-widget-container\">\n\t\t\t\t\t\t\t\t\t\t\t\t\t\t\t<img fetchpriority=\"high\" decoding=\"async\" width=\"583\" height=\"1024\" src=\"https:\/\/www.alkuvesi.fi\/wp-content\/uploads\/2023\/09\/kartta-583x1024.png\" class=\"attachment-large size-large wp-image-170\" alt=\"\" srcset=\"https:\/\/www.alkuvesi.fi\/wp-content\/uploads\/2023\/09\/kartta-583x1024.png 583w, https:\/\/www.alkuvesi.fi\/wp-content\/uploads\/2023\/09\/kartta-171x300.png 171w, https:\/\/www.alkuvesi.fi\/wp-content\/uploads\/2023\/09\/kartta-768x1349.png 768w, https:\/\/www.alkuvesi.fi\/wp-content\/uploads\/2023\/09\/kartta.png 800w\" sizes=\"(max-width: 583px) 100vw, 583px\" \/>\t\t\t\t\t\t\t\t\t\t\t\t\t\t\t<\/div>\n\t\t\t\t<\/div>\n\t\t\t\t\t<\/div>\n\t\t<\/div>\n\t\t\t\t\t<\/div>\n\t\t<\/section>\n\t\t\t\t<\/div>\n\t\t","protected":false},"excerpt":{"rendered":"<p>KURIKAN KUUSISTONLOUKKO &#8211; Suomen puhtainta vett\u00e4! Kurikan paksun savimaan alla, maailman vanhimmassa (1,5 miljardia vuotta vanhassa) laaksossa on poikkeuksellisen valtava pohjavesiesiintym\u00e4, josta pulppuaa maan pinnalle Suomen puhtainta vett\u00e4. Sit\u00e4 on tutkittu yli kymmenen vuoden ajan ja tutkimukset jatkuvat. Kurikan maaper\u00e4 on hyvin savinen, joka aiheuttaa ongelmia esimerkiksi rakennuksille. Mutta paksusta savikerroksesta on hy\u00f6ty\u00e4 pohjavedelle, koska [&hellip;]<\/p>\n","protected":false},"author":1,"featured_media":0,"parent":0,"menu_order":0,"comment_status":"closed","ping_status":"closed","template":"elementor_header_footer","meta":{"footnotes":""},"class_list":["post-168","page","type-page","status-publish","hentry"],"_links":{"self":[{"href":"https:\/\/www.alkuvesi.fi\/index.php\/wp-json\/wp\/v2\/pages\/168","targetHints":{"allow":["GET"]}}],"collection":[{"href":"https:\/\/www.alkuvesi.fi\/index.php\/wp-json\/wp\/v2\/pages"}],"about":[{"href":"https:\/\/www.alkuvesi.fi\/index.php\/wp-json\/wp\/v2\/types\/page"}],"author":[{"embeddable":true,"href":"https:\/\/www.alkuvesi.fi\/index.php\/wp-json\/wp\/v2\/users\/1"}],"replies":[{"embeddable":true,"href":"https:\/\/www.alkuvesi.fi\/index.php\/wp-json\/wp\/v2\/comments?post=168"}],"version-history":[{"count":55,"href":"https:\/\/www.alkuvesi.fi\/index.php\/wp-json\/wp\/v2\/pages\/168\/revisions"}],"predecessor-version":[{"id":698,"href":"https:\/\/www.alkuvesi.fi\/index.php\/wp-json\/wp\/v2\/pages\/168\/revisions\/698"}],"wp:attachment":[{"href":"https:\/\/www.alkuvesi.fi\/index.php\/wp-json\/wp\/v2\/media?parent=168"}],"curies":[{"name":"wp","href":"https:\/\/api.w.org\/{rel}","templated":true}]}}